{"id":1324,"date":"2024-07-15T13:09:10","date_gmt":"2024-07-15T13:09:10","guid":{"rendered":"https:\/\/restupmassage.com\/about"},"modified":"2025-01-26T07:57:04","modified_gmt":"2025-01-26T07:57:04","slug":"about","status":"publish","type":"page","link":"https:\/\/restupmassage.com\/en\/about\/","title":{"rendered":"About Me"},"content":{"rendered":"<div class=\"wp-block-uagb-container uagb-block-3ad17e27 alignfull uagb-is-root-container\"><div class=\"uagb-container-inner-blocks-wrap\">\n<div class=\"wp-block-uagb-advanced-heading uagb-block-8a1eebc0\"><h1 class=\"uagb-heading-text\">Something about me<\/h1><\/div>\n<\/div><\/div>\n\n\n\n<div class=\"wp-block-uagb-container uagb-layout-grid uagb-block-0186287e alignfull uagb-is-root-container\"><div class=\"uagb-container-inner-blocks-wrap\">\n<div class=\"wp-block-uagb-info-box uagb-block-03550eeb uagb-infobox__content-wrap  uagb-infobox-icon-above-title uagb-infobox-image-valign-top wp-block-uagb-info-box--has-margin\"><div class=\"uagb-infobox-margin-wrapper\"><div class=\"uagb-ifb-content\"><div class=\"uagb-ifb-icon-wrap\"><svg xmlns=\"https:\/\/www.w3.org\/2000\/svg\" viewbox=\"0 0 320 512\"><path d=\"M96 480c-8.188 0-16.38-3.125-22.62-9.375c-12.5-12.5-12.5-32.75 0-45.25L242.8 256L73.38 86.63c-12.5-12.5-12.5-32.75 0-45.25s32.75-12.5 45.25 0l192 192c12.5 12.5 12.5 32.75 0 45.25l-192 192C112.4 476.9 104.2 480 96 480z\"><\/path><\/svg><\/div><div class=\"uagb-ifb-title-wrap\"><span class=\"uagb-ifb-title-prefix\">&#8230;<\/span><h4 class=\"uagb-ifb-title\">My name is Ag\u00e1ta and I am a certified sports and reconditioning massage therapist with a passion for body and mind care.<\/h4><\/div><p class=\"uagb-ifb-desc\">I have been doing massage for more than 7 years. I graduated from the  medical highschool in the field of Sports and Recreational Massage Therapist. I have also completed courses in relaxation, sports and therapeutic massage. I am constantly continuing my education so that I can offer the best to my clients.<\/p><div class=\"uagb-ifb-button-wrapper wp-block-button\"><a href=\"https:\/\/restupmassage.com\/en\/contact\/\" class=\"uagb-infobox-cta-link wp-block-button__link\" target=\"_self\" rel=\"noopener noreferrer\" onclick=\"return true;\"><span class=\"uagb-inline-editing\">Book your massage<\/span><\/a><\/div><\/div><\/div><\/div>\n\n\n\n<div class=\"wp-block-uagb-image alignright uagb-block-37933192 wp-block-uagb-image--layout-default wp-block-uagb-image--effect-static wp-block-uagb-image--align-right\"><figure class=\"wp-block-uagb-image__figure\"><img decoding=\"async\" srcset=\"https:\/\/restupmassage.com\/wp-content\/uploads\/2024\/07\/IMG_0753.png.heic ,https:\/\/restupmassage.com\/wp-content\/uploads\/2024\/07\/IMG_0753.png.heic 780w, https:\/\/restupmassage.com\/wp-content\/uploads\/2024\/07\/IMG_0753.png.heic 360w\" sizes=\"auto, (max-width: 480px) 150px\" src=\"https:\/\/restupmassage.com\/wp-content\/uploads\/2024\/07\/IMG_0753.png.heic\" alt=\"\" class=\"uag-image-2251\" width=\"647\" height=\"785\" title=\"Ag\u00e1ta M\u00fcllerov\u00e1\" loading=\"lazy\" role=\"img\"\/><\/figure><\/div>\n<\/div><\/div>\n\n\n\n<div class=\"wp-block-uagb-container uagb-block-f8ec2bd3 alignfull uagb-is-root-container\"><div class=\"uagb-container-inner-blocks-wrap\">\n<div class=\"wp-block-uagb-advanced-heading uagb-block-e874992d\"><h4 class=\"uagb-heading-text\">Sport is an integral part of my life and through my experience and knowledge I like to help people from pain and tension.<\/h4><\/div>\n\n\n\n<div class=\"wp-block-uagb-image aligncenter uagb-block-2d710799 wp-block-uagb-image--layout-default wp-block-uagb-image--effect-static wp-block-uagb-image--align-center\"><figure class=\"wp-block-uagb-image__figure\"><img decoding=\"async\" srcset=\"https:\/\/restupmassage.com\/wp-content\/uploads\/2024\/07\/Navrh-bez-nazvu-5-1024x576.png ,https:\/\/restupmassage.com\/wp-content\/uploads\/2024\/07\/Navrh-bez-nazvu-5.png 780w, https:\/\/restupmassage.com\/wp-content\/uploads\/2024\/07\/Navrh-bez-nazvu-5.png 360w\" sizes=\"auto, (max-width: 480px) 150px\" src=\"https:\/\/restupmassage.com\/wp-content\/uploads\/2024\/07\/Navrh-bez-nazvu-5-1024x576.png\" alt=\"\" class=\"uag-image-2272\" width=\"1024\" height=\"576\" title=\"N\u00e1vrh bez n\u00e1zvu-5\" loading=\"lazy\" role=\"img\"\/><\/figure><\/div>\n\n\n\n<div class=\"wp-block-uagb-container uagb-block-72514f6d\">\n<div class=\"wp-block-uagb-advanced-heading uagb-block-b317ae0b\"><h3 class=\"uagb-heading-text\">Why massages?<\/h3><p class=\"uagb-desc-text\">Helping people get rid of stress, tension and pain is not only a job for me, but also a joy. Seeing the satisfaction and relief on a client's face is the greatest reward for me.<\/p><\/div>\n\n\n\n<div class=\"wp-block-uagb-advanced-heading uagb-block-3b00767d\"><h3 class=\"uagb-heading-text\">How am I different?<\/h3><p class=\"uagb-desc-text\">I approach each client individually and always try to adapt the massage to their needs and current condition.<\/p><\/div>\n<\/div>\n<\/div><\/div>\n\n\n\n<div class=\"wp-block-uagb-advanced-heading uagb-block-b501fd54\"><h4 class=\"uagb-heading-text\">I look forward to meeting you and the opportunity to help you achieve better physical and mental health!<\/h4><\/div>\n\n\n\n<p><\/p>","protected":false},"excerpt":{"rendered":"<p>N\u011bco o mn\u011b &#8230; Sport je ned\u00edlnou sou\u010d\u00e1st\u00ed m\u00e9ho \u017eivota a skrze sv\u00e9 zku\u0161enosti a znalosti r\u00e1da pom\u00e1h\u00e1m lidem od bolesti a nap\u011bt\u00ed. Pro\u010d d\u011bl\u00e1m mas\u00e1\u017ee? Pom\u00e1hat lidem zbavit se stresu, nap\u011bt\u00ed a bolest\u00ed je pro m\u011b nejen prac\u00ed, ale i radost\u00ed. Vid\u011bt spokojenost a \u00falevu na tv\u00e1\u0159i klienta je pro m\u011b tou nejv\u011bt\u0161\u00ed odm\u011bnou [&hellip;]<\/p>","protected":false},"author":1,"featured_media":0,"parent":0,"menu_order":0,"comment_status":"closed","ping_status":"closed","template":"","meta":{"_uag_custom_page_level_css":"","site-sidebar-layout":"no-sidebar","site-content-layout":"page-builder","ast-site-content-layout":"full-width-container","site-content-style":"unboxed","site-sidebar-style":"default","ast-global-header-display":"","ast-banner-title-visibility":"","ast-main-header-display":"","ast-hfb-above-header-display":"","ast-hfb-below-header-display":"","ast-hfb-mobile-header-display":"","site-post-title":"disabled","ast-breadcrumbs-content":"","ast-featured-img":"disabled","footer-sml-layout":"","ast-disable-related-posts":"","theme-transparent-header-meta":"enabled","adv-header-id-meta":"","stick-header-meta":"","header-above-stick-meta":"","header-main-stick-meta":"","header-below-stick-meta":"","astra-migrate-meta-layouts":"set","ast-page-background-enabled":"default","ast-page-background-meta":{"desktop":{"background-color":"var(--ast-global-color-4)","background-image":"","background-repeat":"repeat","background-position":"center center","background-size":"auto","background-attachment":"scroll","background-type":"","background-media":"","overlay-type":"","overlay-color":"","overlay-opacity":"","overlay-gradient":""},"tablet":{"background-color":"","background-image":"","background-repeat":"repeat","background-position":"center center","background-size":"auto","background-attachment":"scroll","background-type":"","background-media":"","overlay-type":"","overlay-color":"","overlay-opacity":"","overlay-gradient":""},"mobile":{"background-color":"","background-image":"","background-repeat":"repeat","background-position":"center center","background-size":"auto","background-attachment":"scroll","background-type":"","background-media":"","overlay-type":"","overlay-color":"","overlay-opacity":"","overlay-gradient":""}},"ast-content-background-meta":{"desktop":{"background-color":"var(--ast-global-color-5)","background-image":"","background-repeat":"repeat","background-position":"center center","background-size":"auto","background-attachment":"scroll","background-type":"","background-media":"","overlay-type":"","overlay-color":"","overlay-opacity":"","overlay-gradient":""},"tablet":{"background-color":"var(--ast-global-color-5)","background-image":"","background-repeat":"repeat","background-position":"center center","background-size":"auto","background-attachment":"scroll","background-type":"","background-media":"","overlay-type":"","overlay-color":"","overlay-opacity":"","overlay-gradient":""},"mobile":{"background-color":"var(--ast-global-color-5)","background-image":"","background-repeat":"repeat","background-position":"center center","background-size":"auto","background-attachment":"scroll","background-type":"","background-media":"","overlay-type":"","overlay-color":"","overlay-opacity":"","overlay-gradient":""}},"footnotes":""},"class_list":["post-1324","page","type-page","status-publish","hentry"],"uagb_featured_image_src":{"full":false,"thumbnail":false,"medium":false,"medium_large":false,"large":false,"1536x1536":false,"2048x2048":false,"trp-custom-language-flag":false},"uagb_author_info":{"display_name":"massage.restup@gmail.com","author_link":"https:\/\/restupmassage.com\/en\/author\/massage-restupgmail-com\/"},"uagb_comment_info":0,"uagb_excerpt":"N\u011bco o mn\u011b &#8230; Sport je ned\u00edlnou sou\u010d\u00e1st\u00ed m\u00e9ho \u017eivota a skrze sv\u00e9 zku\u0161enosti a znalosti r\u00e1da pom\u00e1h\u00e1m lidem od bolesti a nap\u011bt\u00ed. Pro\u010d d\u011bl\u00e1m mas\u00e1\u017ee? Pom\u00e1hat lidem zbavit se stresu, nap\u011bt\u00ed a bolest\u00ed je pro m\u011b nejen prac\u00ed, ale i radost\u00ed. Vid\u011bt spokojenost a \u00falevu na tv\u00e1\u0159i klienta je pro m\u011b tou nejv\u011bt\u0161\u00ed odm\u011bnou&hellip;","_links":{"self":[{"href":"https:\/\/restupmassage.com\/en\/wp-json\/wp\/v2\/pages\/1324","targetHints":{"allow":["GET"]}}],"collection":[{"href":"https:\/\/restupmassage.com\/en\/wp-json\/wp\/v2\/pages"}],"about":[{"href":"https:\/\/restupmassage.com\/en\/wp-json\/wp\/v2\/types\/page"}],"author":[{"embeddable":true,"href":"https:\/\/restupmassage.com\/en\/wp-json\/wp\/v2\/users\/1"}],"replies":[{"embeddable":true,"href":"https:\/\/restupmassage.com\/en\/wp-json\/wp\/v2\/comments?post=1324"}],"version-history":[{"count":6,"href":"https:\/\/restupmassage.com\/en\/wp-json\/wp\/v2\/pages\/1324\/revisions"}],"predecessor-version":[{"id":2460,"href":"https:\/\/restupmassage.com\/en\/wp-json\/wp\/v2\/pages\/1324\/revisions\/2460"}],"wp:attachment":[{"href":"https:\/\/restupmassage.com\/en\/wp-json\/wp\/v2\/media?parent=1324"}],"curies":[{"name":"wp","href":"https:\/\/api.w.org\/{rel}","templated":true}]}}