{"id":1326,"date":"2024-07-15T13:09:10","date_gmt":"2024-07-15T13:09:10","guid":{"rendered":"https:\/\/restupmassage.com\/services"},"modified":"2025-01-26T08:58:29","modified_gmt":"2025-01-26T08:58:29","slug":"services","status":"publish","type":"page","link":"https:\/\/restupmassage.com\/en\/services\/","title":{"rendered":"Massage Services"},"content":{"rendered":"<div class=\"wp-block-uagb-container uagb-block-ae0bc409 alignfull uagb-is-root-container\"><div class=\"uagb-container-inner-blocks-wrap\">\n<div class=\"wp-block-uagb-advanced-heading uagb-block-8a1eebc0\"><h1 class=\"uagb-heading-text\">Massage Services<\/h1><\/div>\n<\/div><\/div>\n\n\n\n<div class=\"wp-block-uagb-container uagb-block-6999b479 alignfull uagb-is-root-container\"><div class=\"uagb-container-inner-blocks-wrap\">\n<div class=\"wp-block-uagb-container uagb-block-788ba4c8\">\n<div class=\"wp-block-uagb-image alignright uagb-block-f790ce5a wp-block-uagb-image--layout-default wp-block-uagb-image--effect-static wp-block-uagb-image--align-right\"><figure class=\"wp-block-uagb-image__figure\"><img decoding=\"async\" srcset=\"https:\/\/restupmassage.com\/wp-content\/uploads\/2024\/07\/pexels-photo-3230236-3230236.jpg ,https:\/\/restupmassage.com\/wp-content\/uploads\/2024\/07\/pexels-photo-3230236-3230236.jpg 780w, https:\/\/restupmassage.com\/wp-content\/uploads\/2024\/07\/pexels-photo-3230236-3230236.jpg 360w\" sizes=\"auto, (max-width: 480px) 150px\" src=\"https:\/\/restupmassage.com\/wp-content\/uploads\/2024\/07\/pexels-photo-3230236-3230236.jpg\" alt=\"pexels-photo-3230236-3230236.jpg\" class=\"uag-image-2287\" width=\"366\" height=\"549\" title=\"pexels-photo-3230236-3230236\" loading=\"lazy\" role=\"img\"\/><\/figure><\/div>\n<\/div>\n\n\n\n<div class=\"wp-block-uagb-container uagb-block-55f27f39\">\n<div class=\"wp-block-uagb-info-box uagb-block-309bf170 uagb-infobox__content-wrap  uagb-infobox-icon-above-title uagb-infobox-image-valign-top wp-block-uagb-info-box--has-margin\"><div class=\"uagb-infobox-margin-wrapper\"><div class=\"uagb-ifb-content\"><div class=\"uagb-ifb-title-wrap\"><h4 class=\"uagb-ifb-title-prefix\">REGENERATIVE MASSAGE<\/h4><p class=\"uagb-ifb-title\">Regenerative massage is a special type of massage aimed at restoring and regenerating the muscles and tissues of the body. This type of massage is often used by athletes and physically active people, but can be beneficial for anyone who wants to relieve their muscles of tension and fatigue.<\/p><\/div><p class=\"uagb-ifb-desc\"> <\/p><\/div><\/div><\/div>\n\n\n\n<div class=\"wp-block-uagb-info-box uagb-block-29c06af7 uagb-infobox__content-wrap  uagb-infobox-icon-above-title uagb-infobox-image-valign-top\"><div class=\"uagb-ifb-content\"><div class=\"uagb-ifb-title-wrap\"><h3 class=\"uagb-ifb-title\">From 400 K\u010d<\/h3><\/div><div class=\"uagb-ifb-button-wrapper wp-block-button\"><a href=\"https:\/\/restupmassage.com\/en\/cenik-sluzeb\/\" class=\"uagb-infobox-cta-link wp-block-button__link\" target=\"_self\" rel=\"noopener noreferrer\" onclick=\"return true;\"><span class=\"uagb-inline-editing\">Price list<\/span><\/a><\/div><\/div><\/div>\n<\/div>\n<\/div><\/div>\n\n\n\n<div class=\"wp-block-uagb-container uagb-block-a1c5c5cb alignfull uagb-is-root-container\"><div class=\"uagb-container-inner-blocks-wrap\">\n<div class=\"wp-block-uagb-container uagb-block-ffd0d737\">\n<div class=\"wp-block-uagb-image alignright uagb-block-f2a72ff6 wp-block-uagb-image--layout-default wp-block-uagb-image--effect-static wp-block-uagb-image--align-right\"><figure class=\"wp-block-uagb-image__figure\"><img decoding=\"async\" srcset=\"https:\/\/restupmassage.com\/wp-content\/uploads\/2024\/07\/ge4afb31eff86826e96804dad6cdb2066f74de462118168b0c1a0145783c290a3172ef9df27ad3cf3490ead45a3c52514286a8db4ce8e6f7272f1575785f66c35_1280-7452918-768x1024.jpg ,https:\/\/restupmassage.com\/wp-content\/uploads\/2024\/07\/ge4afb31eff86826e96804dad6cdb2066f74de462118168b0c1a0145783c290a3172ef9df27ad3cf3490ead45a3c52514286a8db4ce8e6f7272f1575785f66c35_1280-7452918.jpg 780w, https:\/\/restupmassage.com\/wp-content\/uploads\/2024\/07\/ge4afb31eff86826e96804dad6cdb2066f74de462118168b0c1a0145783c290a3172ef9df27ad3cf3490ead45a3c52514286a8db4ce8e6f7272f1575785f66c35_1280-7452918.jpg 360w\" sizes=\"auto, (max-width: 480px) 150px\" src=\"https:\/\/restupmassage.com\/wp-content\/uploads\/2024\/07\/ge4afb31eff86826e96804dad6cdb2066f74de462118168b0c1a0145783c290a3172ef9df27ad3cf3490ead45a3c52514286a8db4ce8e6f7272f1575785f66c35_1280-7452918-768x1024.jpg\" alt=\"ge4afb31eff86826e96804dad6cdb2066f74de462118168b0c1a0145783c290a3172ef9df27ad3cf3490ead45a3c52514286a8db4ce8e6f7272f1575785f66c35_1280-7452918.jpg\" class=\"uag-image-2288\" width=\"368\" height=\"491\" title=\"ge4afb31eff86826e96804dad6cdb2066f74de462118168b0c1a0145783c290a3172ef9df27ad3cf3490ead45a3c52514286a8db4ce8e6f7272f1575785f66c35_1280-7452918\" loading=\"lazy\" role=\"img\"\/><\/figure><\/div>\n<\/div>\n\n\n\n<div class=\"wp-block-uagb-container uagb-block-16d72286\">\n<div class=\"wp-block-uagb-info-box uagb-block-3f27e1af uagb-infobox__content-wrap  uagb-infobox-icon-above-title uagb-infobox-image-valign-top\"><div class=\"uagb-ifb-content\"><div class=\"uagb-ifb-title-wrap\"><h4 class=\"uagb-ifb-title-prefix\">SPORTS MASSAGE<\/h4><p class=\"uagb-ifb-title\">Sports massage is a specialized type of massage designed primarily for athletes and physically active individuals. It is designed to promote performance, prevent injuries and improve recovery after physical exertion. This type of massage focuses on the specific needs and goals that are associated with a particular sport or physical activity.<\/p><\/div><p class=\"uagb-ifb-desc\"> <\/p><\/div><\/div>\n\n\n\n<div class=\"wp-block-uagb-info-box uagb-block-4182a82b uagb-infobox__content-wrap  uagb-infobox-icon-above-title uagb-infobox-image-valign-top\"><div class=\"uagb-ifb-content\"><div class=\"uagb-ifb-title-wrap\"><h3 class=\"uagb-ifb-title\">From 450 K\u010d<\/h3><\/div><div class=\"uagb-ifb-button-wrapper wp-block-button\"><a href=\"https:\/\/restupmassage.com\/en\/cenik-sluzeb\/\" class=\"uagb-infobox-cta-link wp-block-button__link\" target=\"_self\" rel=\"noopener noreferrer\" onclick=\"return true;\"><span class=\"uagb-inline-editing\">Price list<\/span><\/a><\/div><\/div><\/div>\n<\/div>\n<\/div><\/div>\n\n\n\n<div class=\"wp-block-uagb-container uagb-block-d93bf905 alignfull uagb-is-root-container\"><div class=\"uagb-container-inner-blocks-wrap\">\n<div class=\"wp-block-uagb-container uagb-block-2e5edda1\">\n<div class=\"wp-block-uagb-image alignright uagb-block-5c89f075 wp-block-uagb-image--layout-default wp-block-uagb-image--effect-static wp-block-uagb-image--align-right\"><figure class=\"wp-block-uagb-image__figure\"><img decoding=\"async\" srcset=\"https:\/\/restupmassage.com\/wp-content\/uploads\/2024\/07\/pexels-photo-3998013-3998013-683x1024.jpg ,https:\/\/restupmassage.com\/wp-content\/uploads\/2024\/07\/pexels-photo-3998013-3998013.jpg 780w, https:\/\/restupmassage.com\/wp-content\/uploads\/2024\/07\/pexels-photo-3998013-3998013.jpg 360w\" sizes=\"auto, (max-width: 480px) 150px\" src=\"https:\/\/restupmassage.com\/wp-content\/uploads\/2024\/07\/pexels-photo-3998013-3998013-683x1024.jpg\" alt=\"pexels-photo-3998013-3998013.jpg\" class=\"uag-image-2290\" width=\"367\" height=\"364\" title=\"pexels-photo-3998013-3998013\" loading=\"lazy\" role=\"img\"\/><\/figure><\/div>\n<\/div>\n\n\n\n<div class=\"wp-block-uagb-container uagb-block-63b34e8a\">\n<div class=\"wp-block-uagb-info-box uagb-block-5a362367 uagb-infobox__content-wrap  uagb-infobox-icon-above-title uagb-infobox-image-valign-top\"><div class=\"uagb-ifb-content\"><div class=\"uagb-ifb-title-wrap\"><h4 class=\"uagb-ifb-title-prefix\">DEEP RELAX<\/h4><p class=\"uagb-ifb-title\">DEEP RELAX includes a gentle massage of the back, neck, arms, head and face. The aim is to relieve excess stress and tension in the body. The massage is accompanied by aromatherapy and relaxing music.<\/p><\/div><p class=\"uagb-ifb-desc\">  <br><br><\/p><\/div><\/div>\n\n\n\n<div class=\"wp-block-uagb-info-box uagb-block-0b1f3cb6 uagb-infobox__content-wrap  uagb-infobox-icon-above-title uagb-infobox-image-valign-top\"><div class=\"uagb-ifb-content\"><div class=\"uagb-ifb-title-wrap\"><h3 class=\"uagb-ifb-title\">1300 K\u010d<\/h3><\/div><div class=\"uagb-ifb-button-wrapper wp-block-button\"><a href=\"https:\/\/restupmassage.com\/en\/cenik-sluzeb\/\" class=\"uagb-infobox-cta-link wp-block-button__link\" target=\"_self\" rel=\"noopener noreferrer\" onclick=\"return true;\"><span class=\"uagb-inline-editing\">Price list<\/span><\/a><\/div><\/div><\/div>\n<\/div>\n<\/div><\/div>\n\n\n\n<div class=\"wp-block-uagb-container uagb-block-40c24a23 alignfull uagb-is-root-container\"><div class=\"uagb-container-inner-blocks-wrap\">\n<div class=\"wp-block-uagb-container uagb-block-bebc1812\">\n<div class=\"wp-block-uagb-image alignright uagb-block-54db6038 wp-block-uagb-image--layout-default wp-block-uagb-image--effect-static wp-block-uagb-image--align-right\"><figure class=\"wp-block-uagb-image__figure\"><img decoding=\"async\" srcset=\"https:\/\/restupmassage.com\/wp-content\/uploads\/2024\/07\/pexels-photo-8219057-8219057-1-683x1024.jpg ,https:\/\/restupmassage.com\/wp-content\/uploads\/2024\/07\/pexels-photo-8219057-8219057-1.jpg 780w, https:\/\/restupmassage.com\/wp-content\/uploads\/2024\/07\/pexels-photo-8219057-8219057-1.jpg 360w\" sizes=\"auto, (max-width: 480px) 150px\" src=\"https:\/\/restupmassage.com\/wp-content\/uploads\/2024\/07\/pexels-photo-8219057-8219057-1-683x1024.jpg\" alt=\"pexels-photo-8219057-8219057.jpg\" class=\"uag-image-2305\" width=\"365\" height=\"441\" title=\"pexels-photo-8219057-8219057-1\" loading=\"lazy\" role=\"img\"\/><\/figure><\/div>\n<\/div>\n\n\n\n<div class=\"wp-block-uagb-container uagb-block-9f1889b3\">\n<div class=\"wp-block-uagb-info-box uagb-block-6bf8c059 uagb-infobox__content-wrap  uagb-infobox-icon-above-title uagb-infobox-image-valign-top\"><div class=\"uagb-ifb-content\"><div class=\"uagb-ifb-title-wrap\"><h4 class=\"uagb-ifb-title-prefix\">KINESIOTAPING<\/h4><p class=\"uagb-ifb-title\">Kinesiotaping, also known as kinesiology taping, is a therapeutic method that uses special elastic bands (tapes) applied to the skin to support muscles, joints and tendons without restricting movement. The technique was developed by Japanese chiropractor Dr. Kenzo Kas in the 1970s and has since become popular worldwide, especially among athletes. Kinesiotaping is therefore a versatile and effective method that can be used for therapeutic purposes as well as for injury prevention and sports performance support.<\/p><\/div><p class=\"uagb-ifb-desc\">  <br><\/p><\/div><\/div>\n\n\n\n<div class=\"wp-block-uagb-info-box uagb-block-54bd2032 uagb-infobox__content-wrap  uagb-infobox-icon-above-title uagb-infobox-image-valign-top\"><div class=\"uagb-ifb-content\"><div class=\"uagb-ifb-title-wrap\"><h3 class=\"uagb-ifb-title\">from 100 K\u010d<\/h3><\/div><div class=\"uagb-ifb-button-wrapper wp-block-button\"><a href=\"https:\/\/restupmassage.com\/en\/cenik-sluzeb\/\" class=\"uagb-infobox-cta-link wp-block-button__link\" target=\"_self\" rel=\"noopener noreferrer\" onclick=\"return true;\"><span class=\"uagb-inline-editing\">Price list<\/span><\/a><\/div><\/div><\/div>\n<\/div>\n<\/div><\/div>\n\n\n\n<div class=\"wp-block-uagb-container uagb-block-06c8b65e alignfull uagb-is-root-container\"><div class=\"uagb-container-inner-blocks-wrap\">\n<div class=\"wp-block-uagb-container uagb-block-41042452\">\n<div class=\"wp-block-uagb-image alignright uagb-block-c20c21be wp-block-uagb-image--layout-default wp-block-uagb-image--effect-static wp-block-uagb-image--align-right\"><figure class=\"wp-block-uagb-image__figure\"><img decoding=\"async\" srcset=\"https:\/\/restupmassage.com\/wp-content\/uploads\/2024\/07\/pexels-photo-8312830-8312830-683x1024.jpg ,https:\/\/restupmassage.com\/wp-content\/uploads\/2024\/07\/pexels-photo-8312830-8312830.jpg 780w, https:\/\/restupmassage.com\/wp-content\/uploads\/2024\/07\/pexels-photo-8312830-8312830.jpg 360w\" sizes=\"auto, (max-width: 480px) 150px\" src=\"https:\/\/restupmassage.com\/wp-content\/uploads\/2024\/07\/pexels-photo-8312830-8312830-683x1024.jpg\" alt=\"pexels-photo-8312830-8312830.jpg\" class=\"uag-image-2302\" width=\"361\" height=\"382\" title=\"pexels-photo-8312830-8312830\" loading=\"lazy\" role=\"img\"\/><\/figure><\/div>\n<\/div>\n\n\n\n<div class=\"wp-block-uagb-container uagb-block-fc9950a0\">\n<div class=\"wp-block-uagb-info-box uagb-block-08c9235d uagb-infobox__content-wrap  uagb-infobox-icon-above-title uagb-infobox-image-valign-top\"><div class=\"uagb-ifb-content\"><div class=\"uagb-ifb-title-wrap\"><h4 class=\"uagb-ifb-title-prefix\">CUPPING<\/h4><p class=\"uagb-ifb-title\">Cupping is a traditional therapeutic method that involves placing special glass, silicone or plastic cups on the skin to create a vacuum. This vacuum has various therapeutic effects that are used to treat various health problems and to improve overall health and well-being. Cupping has its roots in traditional Chinese medicine, but its use has spread to other cultures and modern therapeutic practices. Cupping serves as a complement to the above mentioned massages.<\/p><\/div><p class=\"uagb-ifb-desc\"> <br><\/p><\/div><\/div>\n\n\n\n<div class=\"wp-block-uagb-info-box uagb-block-7330c36f uagb-infobox__content-wrap  uagb-infobox-icon-above-title uagb-infobox-image-valign-top\"><div class=\"uagb-ifb-content\"><div class=\"uagb-ifb-title-wrap\"><h3 class=\"uagb-ifb-title\">From 600 K\u010d<\/h3><\/div><div class=\"uagb-ifb-button-wrapper wp-block-button\"><a href=\"https:\/\/restupmassage.com\/en\/cenik-sluzeb\/\" class=\"uagb-infobox-cta-link wp-block-button__link\" target=\"_self\" rel=\"noopener noreferrer\" onclick=\"return true;\"><span class=\"uagb-inline-editing\">Price list<\/span><\/a><\/div><\/div><\/div>\n<\/div>\n<\/div><\/div>\n\n\n\n<div class=\"wp-block-uagb-container uagb-block-31d226f6 alignfull uagb-is-root-container\"><div class=\"uagb-container-inner-blocks-wrap\">\n<div class=\"wp-block-uagb-container uagb-block-3d5c45ab\">\n<div class=\"wp-block-uagb-image alignright uagb-block-de0ce920 wp-block-uagb-image--layout-default wp-block-uagb-image--effect-static wp-block-uagb-image--align-right\"><figure class=\"wp-block-uagb-image__figure\"><img decoding=\"async\" srcset=\"https:\/\/restupmassage.com\/wp-content\/uploads\/2025\/01\/office-massage-819x1024.png ,https:\/\/restupmassage.com\/wp-content\/uploads\/2025\/01\/office-massage.png 780w, https:\/\/restupmassage.com\/wp-content\/uploads\/2025\/01\/office-massage.png 360w\" sizes=\"auto, (max-width: 480px) 150px\" src=\"https:\/\/restupmassage.com\/wp-content\/uploads\/2025\/01\/office-massage-819x1024.png\" alt=\"\" class=\"uag-image-2352\" width=\"358\" height=\"1021\" title=\"office massage\" loading=\"lazy\" role=\"img\"\/><\/figure><\/div>\n<\/div>\n\n\n\n<div class=\"wp-block-uagb-container uagb-block-bfa03883\">\n<div class=\"wp-block-uagb-info-box uagb-block-38996d1b uagb-infobox__content-wrap  uagb-infobox-icon-above-title uagb-infobox-image-valign-top\"><div class=\"uagb-ifb-content\"><div class=\"uagb-ifb-title-wrap\"><h4 class=\"uagb-ifb-title-prefix\">OFFICE MASSAGE<\/h4><p class=\"uagb-ifb-title\">Are you looking for a way to increase your employees' productivity and satisfaction? Office massage brings health, relaxation and well-being right to your workplace! With professional massage services, your employees can enjoy a moment of relaxation without having to leave the office.<\/p><\/div><p class=\"uagb-ifb-desc\">For more information contact me via: agata@restupmassage.com<br><\/p><\/div><\/div>\n\n\n\n<div class=\"wp-block-uagb-info-box uagb-block-a9e1ac79 uagb-infobox__content-wrap  uagb-infobox-icon-above-title uagb-infobox-image-valign-top\"><div class=\"uagb-ifb-content\"><div class=\"uagb-ifb-title-wrap\"><h3 class=\"uagb-ifb-title\">Price by arrangement<\/h3><\/div><div class=\"uagb-ifb-button-wrapper wp-block-button\"><a href=\"https:\/\/restupmassage.com\/en\/spoluprace\/\" class=\"uagb-infobox-cta-link wp-block-button__link\" target=\"_self\" rel=\"noopener noreferrer\" onclick=\"return true;\"><span class=\"uagb-inline-editing\">More<\/span><\/a><\/div><\/div><\/div>\n<\/div>\n<\/div><\/div>\n\n\n\n<div class=\"wp-block-uagb-container uagb-block-dc0cf17c alignfull uagb-is-root-container\"><div class=\"uagb-container-inner-blocks-wrap\">\n<div class=\"wp-block-uagb-container uagb-block-5f9d9e11\">\n<div class=\"wp-block-uagb-image alignright uagb-block-b1b04952 wp-block-uagb-image--layout-default wp-block-uagb-image--effect-static wp-block-uagb-image--align-right\"><figure class=\"wp-block-uagb-image__figure\"><img decoding=\"async\" srcset=\"https:\/\/restupmassage.com\/wp-content\/uploads\/2025\/01\/pexels-photo-841130-841130-1-683x1024.jpg ,https:\/\/restupmassage.com\/wp-content\/uploads\/2025\/01\/pexels-photo-841130-841130-1.jpg 780w, https:\/\/restupmassage.com\/wp-content\/uploads\/2025\/01\/pexels-photo-841130-841130-1.jpg 360w\" sizes=\"auto, (max-width: 480px) 150px\" src=\"https:\/\/restupmassage.com\/wp-content\/uploads\/2025\/01\/pexels-photo-841130-841130-1-683x1024.jpg\" alt=\"Man performing a deadlift exercise in a gym, demonstrating strength and fitness.\" class=\"uag-image-2479\" width=\"359\" height=\"367\" title=\"pexels-photo-841130-841130-1\" loading=\"lazy\" role=\"img\"\/><\/figure><\/div>\n<\/div>\n\n\n\n<div class=\"wp-block-uagb-container uagb-block-0671877e\">\n<div class=\"wp-block-uagb-info-box uagb-block-52640643 uagb-infobox__content-wrap  uagb-infobox-icon-above-title uagb-infobox-image-valign-top\"><div class=\"uagb-ifb-content\"><div class=\"uagb-ifb-title-wrap\"><h4 class=\"uagb-ifb-title-prefix\">COLLABORATION WITH SPORTS TEAMS<\/h4><p class=\"uagb-ifb-title\">Looking for a way to support the performance, recovery and health of your athletes? Working with a professional massage therapist brings care directly to your club! Sports massages help improve physical fitness, prevent injuries and speed recovery after training or matches. Your athletes get quality care without having to leave the training environment.<\/p><\/div><p class=\"uagb-ifb-desc\">For more information contact me via: agata@restupmassage.com<br><\/p><\/div><\/div>\n\n\n\n<div class=\"wp-block-uagb-info-box uagb-block-9e42134f uagb-infobox__content-wrap  uagb-infobox-icon-above-title uagb-infobox-image-valign-top\"><div class=\"uagb-ifb-content\"><div class=\"uagb-ifb-title-wrap\"><h3 class=\"uagb-ifb-title\">Price by arrangement<\/h3><\/div><div class=\"uagb-ifb-button-wrapper wp-block-button\"><a href=\"https:\/\/restupmassage.com\/en\/spoluprace-se-sportovnimi-tymy\/\" class=\"uagb-infobox-cta-link wp-block-button__link\" target=\"_self\" rel=\"noopener noreferrer\" onclick=\"return true;\"><span class=\"uagb-inline-editing\">More<\/span><\/a><\/div><\/div><\/div>\n<\/div>\n<\/div><\/div>\n\n\n\n<div class=\"wp-block-uagb-container uagb-block-d4ed3c1f alignfull uagb-is-root-container\"><div class=\"uagb-container-inner-blocks-wrap\">\n<div class=\"wp-block-uagb-container uagb-block-92680bb2\"><\/div>\n\n\n\n<div class=\"wp-block-uagb-container uagb-block-36630496\"><\/div>\n<\/div><\/div>\n\n\n\n<p><\/p>","protected":false},"excerpt":{"rendered":"<p>Massage Services<\/p>","protected":false},"author":1,"featured_media":0,"parent":0,"menu_order":0,"comment_status":"closed","ping_status":"closed","template":"","meta":{"_uag_custom_page_level_css":"","site-sidebar-layout":"no-sidebar","site-content-layout":"page-builder","ast-site-content-layout":"full-width-container","site-content-style":"unboxed","site-sidebar-style":"unboxed","ast-global-header-display":"","ast-banner-title-visibility":"","ast-main-header-display":"","ast-hfb-above-header-display":"","ast-hfb-below-header-display":"","ast-hfb-mobile-header-display":"","site-post-title":"disabled","ast-breadcrumbs-content":"","ast-featured-img":"disabled","footer-sml-layout":"","ast-disable-related-posts":"","theme-transparent-header-meta":"enabled","adv-header-id-meta":"","stick-header-meta":"","header-above-stick-meta":"","header-main-stick-meta":"","header-below-stick-meta":"","astra-migrate-meta-layouts":"set","ast-page-background-enabled":"default","ast-page-background-meta":{"desktop":{"background-color":"var(--ast-global-color-4)","background-image":"","background-repeat":"repeat","background-position":"center center","background-size":"auto","background-attachment":"scroll","background-type":"","background-media":"","overlay-type":"","overlay-color":"","overlay-opacity":"","overlay-gradient":""},"tablet":{"background-color":"","background-image":"","background-repeat":"repeat","background-position":"center center","background-size":"auto","background-attachment":"scroll","background-type":"","background-media":"","overlay-type":"","overlay-color":"","overlay-opacity":"","overlay-gradient":""},"mobile":{"background-color":"","background-image":"","background-repeat":"repeat","background-position":"center center","background-size":"auto","background-attachment":"scroll","background-type":"","background-media":"","overlay-type":"","overlay-color":"","overlay-opacity":"","overlay-gradient":""}},"ast-content-background-meta":{"desktop":{"background-color":"var(--ast-global-color-5)","background-image":"","background-repeat":"repeat","background-position":"center center","background-size":"auto","background-attachment":"scroll","background-type":"","background-media":"","overlay-type":"","overlay-color":"","overlay-opacity":"","overlay-gradient":""},"tablet":{"background-color":"var(--ast-global-color-5)","background-image":"","background-repeat":"repeat","background-position":"center center","background-size":"auto","background-attachment":"scroll","background-type":"","background-media":"","overlay-type":"","overlay-color":"","overlay-opacity":"","overlay-gradient":""},"mobile":{"background-color":"var(--ast-global-color-5)","background-image":"","background-repeat":"repeat","background-position":"center center","background-size":"auto","background-attachment":"scroll","background-type":"","background-media":"","overlay-type":"","overlay-color":"","overlay-opacity":"","overlay-gradient":""}},"footnotes":""},"class_list":["post-1326","page","type-page","status-publish","hentry"],"uagb_featured_image_src":{"full":false,"thumbnail":false,"medium":false,"medium_large":false,"large":false,"1536x1536":false,"2048x2048":false,"trp-custom-language-flag":false},"uagb_author_info":{"display_name":"massage.restup@gmail.com","author_link":"https:\/\/restupmassage.com\/en\/author\/massage-restupgmail-com\/"},"uagb_comment_info":0,"uagb_excerpt":"Mas\u00e9rsk\u00e9 slu\u017eby","_links":{"self":[{"href":"https:\/\/restupmassage.com\/en\/wp-json\/wp\/v2\/pages\/1326","targetHints":{"allow":["GET"]}}],"collection":[{"href":"https:\/\/restupmassage.com\/en\/wp-json\/wp\/v2\/pages"}],"about":[{"href":"https:\/\/restupmassage.com\/en\/wp-json\/wp\/v2\/types\/page"}],"author":[{"embeddable":true,"href":"https:\/\/restupmassage.com\/en\/wp-json\/wp\/v2\/users\/1"}],"replies":[{"embeddable":true,"href":"https:\/\/restupmassage.com\/en\/wp-json\/wp\/v2\/comments?post=1326"}],"version-history":[{"count":27,"href":"https:\/\/restupmassage.com\/en\/wp-json\/wp\/v2\/pages\/1326\/revisions"}],"predecessor-version":[{"id":2480,"href":"https:\/\/restupmassage.com\/en\/wp-json\/wp\/v2\/pages\/1326\/revisions\/2480"}],"wp:attachment":[{"href":"https:\/\/restupmassage.com\/en\/wp-json\/wp\/v2\/media?parent=1326"}],"curies":[{"name":"wp","href":"https:\/\/api.w.org\/{rel}","templated":true}]}}