{"id":2258,"date":"2025-01-26T06:46:53","date_gmt":"2025-01-26T06:46:53","guid":{"rendered":"https:\/\/restupmassage.com\/?page_id=2258"},"modified":"2025-12-09T09:57:40","modified_gmt":"2025-12-09T09:57:40","slug":"spoluprace","status":"publish","type":"page","link":"https:\/\/restupmassage.com\/en\/spoluprace\/","title":{"rendered":"Office massage"},"content":{"rendered":"<p><\/p>\n\n\n\n<div class=\"wp-block-uagb-container uagb-block-quokgmyi alignfull uagb-is-root-container\"><div class=\"uagb-container-inner-blocks-wrap\">\n<div class=\"wp-block-uagb-info-box uagb-block-qlkpac55 uagb-infobox__content-wrap  uagb-infobox-icon-above-title uagb-infobox-image-valign-top\"><div class=\"uagb-ifb-content\"><div class=\"uagb-ifb-title-wrap\"><h1 class=\"uagb-ifb-title\">Office massage<\/h1><\/div><p class=\"uagb-ifb-desc\">Treat your employees to some well-deserved relaxation and improve workplace well-being! Office massages are a great benefit that promotes health, reduces stress and increases productivity.<\/p><\/div><\/div>\n\n\n\n<div class=\"wp-block-uagb-container uagb-block-bzqvo03d\">\n<div class=\"wp-block-uagb-image alignleft uagb-block-jgcidjto wp-block-uagb-image--layout-default wp-block-uagb-image--effect-static wp-block-uagb-image--align-left\"><figure class=\"wp-block-uagb-image__figure\"><img decoding=\"async\" srcset=\"https:\/\/restupmassage.com\/wp-content\/uploads\/2025\/01\/pexels-photo-572056-572056-683x1024.jpg ,https:\/\/restupmassage.com\/wp-content\/uploads\/2025\/01\/pexels-photo-572056-572056.jpg 780w, https:\/\/restupmassage.com\/wp-content\/uploads\/2025\/01\/pexels-photo-572056-572056.jpg 360w\" sizes=\"auto, (max-width: 480px) 150px\" src=\"https:\/\/restupmassage.com\/wp-content\/uploads\/2025\/01\/pexels-photo-572056-572056-683x1024.jpg\" alt=\"A clean, contemporary workspace featuring a desktop with analytics on the screen and plants for a fresh look.\" class=\"uag-image-2431\" width=\"282\" height=\"370\" title=\"pexels-photo-572056-572056\" loading=\"lazy\" role=\"img\"\/><\/figure><\/div>\n\n\n\n<div class=\"wp-block-uagb-image alignleft uagb-block-yeuonqjo wp-block-uagb-image--layout-default wp-block-uagb-image--effect-static wp-block-uagb-image--align-left\"><figure class=\"wp-block-uagb-image__figure\"><img decoding=\"async\" srcset=\"https:\/\/restupmassage.com\/wp-content\/uploads\/2025\/01\/treatment-finger-keep-hand-161477-161477-683x1024.jpg ,https:\/\/restupmassage.com\/wp-content\/uploads\/2025\/01\/treatment-finger-keep-hand-161477-161477.jpg 780w, https:\/\/restupmassage.com\/wp-content\/uploads\/2025\/01\/treatment-finger-keep-hand-161477-161477.jpg 360w\" sizes=\"auto, (max-width: 480px) 150px\" src=\"https:\/\/restupmassage.com\/wp-content\/uploads\/2025\/01\/treatment-finger-keep-hand-161477-161477-683x1024.jpg\" alt=\"Relaxing hand massage therapy session close-up with gentle touch and care.\" class=\"uag-image-2432\" width=\"282\" height=\"420\" title=\"treatment-finger-keep-hand-161477-161477\" loading=\"lazy\" role=\"img\"\/><\/figure><\/div>\n\n\n\n<div class=\"wp-block-uagb-image alignleft uagb-block-4esrncuc wp-block-uagb-image--layout-default wp-block-uagb-image--effect-static wp-block-uagb-image--align-left\"><figure class=\"wp-block-uagb-image__figure\"><img decoding=\"async\" srcset=\"https:\/\/restupmassage.com\/wp-content\/uploads\/2025\/01\/office-massage-819x1024.png ,https:\/\/restupmassage.com\/wp-content\/uploads\/2025\/01\/office-massage.png 780w, https:\/\/restupmassage.com\/wp-content\/uploads\/2025\/01\/office-massage.png 360w\" sizes=\"auto, (max-width: 480px) 150px\" src=\"https:\/\/restupmassage.com\/wp-content\/uploads\/2025\/01\/office-massage-819x1024.png\" alt=\"\" class=\"uag-image-2352\" width=\"282\" height=\"370\" title=\"office massage\" loading=\"lazy\" role=\"img\"\/><\/figure><\/div>\n\n\n\n<div class=\"wp-block-uagb-image alignleft uagb-block-tvhoers5 wp-block-uagb-image--layout-default wp-block-uagb-image--effect-static wp-block-uagb-image--align-left\"><figure class=\"wp-block-uagb-image__figure\"><img decoding=\"async\" srcset=\"https:\/\/restupmassage.com\/wp-content\/uploads\/2025\/01\/pexels-photo-840996-840996-1-683x1024.jpg ,https:\/\/restupmassage.com\/wp-content\/uploads\/2025\/01\/pexels-photo-840996-840996-1.jpg 780w, https:\/\/restupmassage.com\/wp-content\/uploads\/2025\/01\/pexels-photo-840996-840996-1.jpg 360w\" sizes=\"auto, (max-width: 480px) 150px\" src=\"https:\/\/restupmassage.com\/wp-content\/uploads\/2025\/01\/pexels-photo-840996-840996-1-683x1024.jpg\" alt=\"A man smiling while working at an office desk with a computer and natural daylight streaming in through large windows.\" class=\"uag-image-2434\" width=\"282\" height=\"420\" title=\"pexels-photo-840996-840996-1\" loading=\"lazy\" role=\"img\"\/><\/figure><\/div>\n<\/div>\n<\/div><\/div>\n\n\n\n<div class=\"wp-block-uagb-container uagb-block-innvou4o default uagb-is-root-container\">\n<div class=\"wp-block-uagb-info-box uagb-block-xtj9xwix uagb-infobox__content-wrap  uagb-infobox-icon-above-title uagb-infobox-image-valign-top\"><div class=\"uagb-ifb-content\"><div class=\"uagb-ifb-title-wrap\"><h1 class=\"uagb-ifb-title\"><strong>How does it work?<\/strong><\/h1><\/div><\/div><\/div>\n\n\n\n<div class=\"wp-block-uagb-info-box uagb-block-ja6hq77m uagb-infobox__content-wrap  uagb-infobox-icon-above-title uagb-infobox-image-valign-top\"><div class=\"uagb-ifb-content\"><div class=\"uagb-ifb-title-wrap\"><\/div><p class=\"uagb-ifb-desc\">1. Massages take place right at your workplace - all you need is a small space (free office, meeting room, gym...).<br><br>2. The length of one massage is usually&nbsp;<strong>30-60 minutes<\/strong>so that employees can return to work refreshed and relaxed.<br><br>3. Everything you need (massage table, oils, disinfectant...) is provided.<br><br>4. Employees are booked through the booking system for specific times and dates.<\/p><\/div><\/div>\n<\/div>\n\n\n\n<div class=\"wp-block-uagb-container uagb-block-1holkee9 alignfull uagb-is-root-container\"><div class=\"uagb-container-inner-blocks-wrap\">\n<div class=\"wp-block-uagb-container uagb-block-z8jrpkcs\">\n<div class=\"wp-block-uagb-container uagb-block-f5ymkl8m\">\n<div class=\"wp-block-uagb-info-box uagb-block-y1rf1zjr uagb-infobox__content-wrap  uagb-infobox-icon-above-title uagb-infobox-image-valign-top\"><div class=\"uagb-ifb-content\"><div class=\"uagb-ifb-title-wrap\"><h2 class=\"uagb-ifb-title\">Office massage options<\/h2><\/div><p class=\"uagb-ifb-desc\">I offer flexible packages to fit your needs and budget:<\/p><\/div><\/div>\n<\/div>\n\n\n\n<div class=\"wp-block-uagb-container uagb-block-l05zbbfh\">\n<div class=\"wp-block-uagb-buttons uagb-buttons__outer-wrap uagb-btn__default-btn uagb-btn-tablet__default-btn uagb-btn-mobile__default-btn uagb-block-r3xsoydl\"><div class=\"uagb-buttons__wrap uagb-buttons-layout-wrap\">\n<div class=\"wp-block-uagb-buttons-child uagb-buttons__outer-wrap uagb-block-abe25349 wp-block-button\"><div class=\"uagb-button__wrapper\"><a class=\"uagb-buttons-repeater wp-block-button__link\" aria-label=\"\" href=\"#\" rel=\"follow noopener\" target=\"_self\" role=\"button\"><div class=\"uagb-button__link\">Click Here<\/div><\/a><\/div><\/div>\n<\/div><\/div>\n<\/div>\n<\/div>\n\n\n\n<div class=\"wp-block-uagb-container uagb-block-f8lpkljp\">\n<div class=\"wp-block-uagb-container uagb-block-qnqz6wii\">\n<div class=\"wp-block-uagb-info-box uagb-block-uxsplpxu uagb-infobox__content-wrap  uagb-infobox-icon-above-title uagb-infobox-image-valign-top\"><div class=\"uagb-ifb-content\"><div class=\"uagb-ifb-title-wrap\"><p class=\"uagb-ifb-title-prefix\">01<\/p><h3 class=\"uagb-ifb-title\"><strong>Co-financing (80\/20)<\/strong><\/h3><\/div><p class=\"uagb-ifb-desc\">The employer pays&nbsp;<strong>80% of the cost of the massage<\/strong>&nbsp;and the employee covers&nbsp;<strong>20 %<\/strong>.<br><br>An ideal choice for companies who want to support the health of their employees and involve them in the care of their own well-being.<\/p><\/div><\/div>\n<\/div>\n\n\n\n<div class=\"wp-block-uagb-container uagb-block-xflvtiln\">\n<div class=\"wp-block-uagb-info-box uagb-block-75iv93e4 uagb-infobox__content-wrap  uagb-infobox-icon-above-title uagb-infobox-image-valign-top\"><div class=\"uagb-ifb-content\"><div class=\"uagb-ifb-title-wrap\"><p class=\"uagb-ifb-title-prefix\">02<\/p><h3 class=\"uagb-ifb-title\"><strong>Co-financing (90\/10)<\/strong><\/h3><\/div><p class=\"uagb-ifb-desc\">The employer pays&nbsp;<strong>90 % of the cost of the massage<\/strong>and the employee covers&nbsp;<strong>10 %<\/strong>.<br><br>This plan is suitable for companies that want to offer a nearly fully paid benefit but maintain a small employee deductible.<\/p><\/div><\/div>\n<\/div>\n\n\n\n<div class=\"wp-block-uagb-container uagb-block-jsy0bxt5\">\n<div class=\"wp-block-uagb-info-box uagb-block-gy9xmlzw uagb-infobox__content-wrap  uagb-infobox-icon-above-title uagb-infobox-image-valign-top\"><div class=\"uagb-ifb-content\"><div class=\"uagb-ifb-title-wrap\"><p class=\"uagb-ifb-title-prefix\">03<\/p><h3 class=\"uagb-ifb-title\"><strong>Fully covered massages (100%)<\/strong><\/h3><\/div><p class=\"uagb-ifb-desc\">The employer pays&nbsp;<strong>100% of the cost of the massage<\/strong>.<br><br>The most luxurious option that shows the maximum care for your employees. The perfect way to thank your team for their work.<\/p><\/div><\/div>\n<\/div>\n<\/div>\n<\/div><\/div>\n\n\n\n<div class=\"wp-block-uagb-buttons uagb-buttons__outer-wrap uagb-btn__default-btn uagb-btn-tablet__default-btn uagb-btn-mobile__default-btn uagb-block-35cc0302\"><div class=\"uagb-buttons__wrap uagb-buttons-layout-wrap\">\n<div class=\"wp-block-uagb-buttons-child uagb-buttons__outer-wrap uagb-block-75e4c7a7 wp-block-button\"><div class=\"uagb-button__wrapper\"><a class=\"uagb-buttons-repeater wp-block-button__link\" aria-label=\"\" href=\"#\" rel=\"follow noopener\" target=\"_self\" role=\"button\"><div class=\"uagb-button__link\">I want to start a collaboration<\/div><\/a><\/div><\/div>\n<\/div><\/div>\n\n\n\n<div class=\"wp-block-uagb-container uagb-block-nqeqqi7n alignfull uagb-is-root-container\"><div class=\"uagb-container-inner-blocks-wrap\">\n<div class=\"wp-block-uagb-info-box uagb-block-iaqmt3zg uagb-infobox__content-wrap  uagb-infobox-icon-above-title uagb-infobox-image-valign-top\"><div class=\"uagb-ifb-content\"><div class=\"uagb-ifb-title-wrap\"><p class=\"uagb-ifb-title-prefix\">Words from satisfied companies<\/p><h2 class=\"uagb-ifb-title\">Reviews<\/h2><\/div><\/div><\/div>\n\n\n\n<div class=\"wp-block-uagb-container uagb-block-culvhpee\">\n<div class=\"wp-block-uagb-container uagb-block-roq44znz\">\n<div class=\"wp-block-uagb-star-rating uagb-block-llqom6hj\"><div class=\"uag-star-rating\" title=\"5\/5\"><span class=\"uag-star\">\u2605<\/span><span class=\"uag-star\">\u2605<\/span><span class=\"uag-star\">\u2605<\/span><span class=\"uag-star\">\u2605<\/span><span class=\"uag-star\">\u2605<\/span><\/div><\/div>\n\n\n\n<div class=\"wp-block-uagb-info-box uagb-block-zbyl6xzt uagb-infobox__content-wrap  uagb-infobox-icon-above-title uagb-infobox-image-valign-top\"><div class=\"uagb-ifb-content\"><div class=\"uagb-ifb-title-wrap\"><\/div><p class=\"uagb-ifb-desc\">Slu\u017eby office mas\u00e1\u017e\u00ed od sle\u010dny Ag\u00e1ty m\u016f\u017eeme s naprostou jistotou doporu\u010dit. Mas\u00e1\u017ee, kter\u00e9 poskytuje, jsou v\u00fdborn\u00e9 odborn\u011b proveden\u00e9, uvol\u0148uj\u00edc\u00ed a velmi p\u0159\u00edjemn\u00e9. Ka\u017ed\u00fd zam\u011bstnanec, kter\u00fd m\u011bl mo\u017enost se mas\u00e1\u017ee z\u00fa\u010dastnit, byl nadm\u00edru spokojen a ocenil tento benefit nejen po fyzick\u00e9, ale i psychick\u00e9 str\u00e1nce.<br>Spolupr\u00e1ce s Ag\u00e1tou je nav\u00edc vysoce profesion\u00e1ln\u00ed a spolehliv\u00e1. Dochvilnost, p\u0159\u00e1telsk\u00fd p\u0159\u00edstup a schopnost p\u0159izp\u016fsobit se pot\u0159eb\u00e1m firmy i jednotlivc\u016f v\u00fdrazn\u011b p\u0159isp\u011bly k hladk\u00e9mu pr\u016fb\u011bhu benefit\u016f. Jsme r\u00e1di, \u017ee jsme si vybrali pr\u00e1v\u011b ji a jej\u00ed slu\u017eby.<\/p><\/div><\/div>\n\n\n\n<div class=\"wp-block-uagb-info-box uagb-block-ttfgjva2 uagb-infobox__content-wrap  uagb-infobox-icon-above-title uagb-infobox-image-valign-top\"><div class=\"uagb-ifb-content\"><div class=\"uagb-ifb-image-content\"><img decoding=\"async\" src=\"https:\/\/restupmassage.com\/wp-content\/uploads\/2025\/01\/logo-facility-1-e1737853611868-150x150.png\" alt=\"\" width=\"60\" height=\"60\" loading=\"lazy\"\/><\/div><div class=\"uagb-ifb-title-wrap\"><p class=\"uagb-ifb-title\">Mckay spol. s.r.o.<\/p><\/div><\/div><\/div>\n<\/div>\n\n\n\n<div class=\"wp-block-uagb-container uagb-block-hn2l0wsy\">\n<div class=\"wp-block-uagb-star-rating uagb-block-szwolaxb\"><div class=\"uag-star-rating\" title=\"5\/5\"><span class=\"uag-star\">\u2605<\/span><span class=\"uag-star\">\u2605<\/span><span class=\"uag-star\">\u2605<\/span><span class=\"uag-star\">\u2605<\/span><span class=\"uag-star\">\u2605<\/span><\/div><\/div>\n\n\n\n<div class=\"wp-block-uagb-info-box uagb-block-lsitrykl uagb-infobox__content-wrap  uagb-infobox-icon-above-title uagb-infobox-image-valign-top\"><div class=\"uagb-ifb-content\"><div class=\"uagb-ifb-title-wrap\"><\/div><p class=\"uagb-ifb-desc\">Ag\u00e1ta je naprosto skv\u011bl\u00e1!<br>Pravideln\u011b k n\u00e1m doch\u00e1z\u00ed do firmy a v\u0161ichni jsou z jej\u00edch mas\u00e1\u017e\u00ed nad\u0161en\u00ed.<br>Je profesion\u00e1ln\u00ed, spolehliv\u00e1 a v\u017edy p\u0159esn\u011b v\u00ed, co je pot\u0159eba.<br>D\u00edky n\u00ed odch\u00e1z\u00edme nejen odpo\u010dat\u00ed a pln\u00ed energie, ale tak\u00e9 si v\u017edy p\u0159\u00edjemn\u011b popov\u00edd\u00e1me.<br>D\u00e1 se \u0159\u00edct, \u017ee Ag\u00e1ta u\u017e je neodmyslitelnou sou\u010d\u00e1st\u00ed Portu. Velk\u00e9 d\u00edky za tvou skv\u011blou pr\u00e1ci!<\/p><\/div><\/div>\n\n\n\n<div class=\"wp-block-uagb-info-box uagb-block-eivwanvn uagb-infobox__content-wrap  uagb-infobox-icon-above-title uagb-infobox-image-valign-top\"><div class=\"uagb-ifb-content\"><div class=\"uagb-ifb-image-content\"><img decoding=\"async\" src=\"https:\/\/restupmassage.com\/wp-content\/uploads\/2025\/01\/IMG_0996-150x150.jpeg\" alt=\"\" width=\"60\" height=\"60\" loading=\"lazy\"\/><\/div><div class=\"uagb-ifb-title-wrap\"><p class=\"uagb-ifb-title\">Portu<\/p><\/div><\/div><\/div>\n<\/div>\n<\/div>\n<\/div><\/div>\n\n\n\n<p><\/p>","protected":false},"excerpt":{"rendered":"","protected":false},"author":1,"featured_media":0,"parent":0,"menu_order":0,"comment_status":"closed","ping_status":"closed","template":"","meta":{"_uag_custom_page_level_css":"","site-sidebar-layout":"default","site-content-layout":"","ast-site-content-layout":"default","site-content-style":"default","site-sidebar-style":"default","ast-global-header-display":"","ast-banner-title-visibility":"","ast-main-header-display":"","ast-hfb-above-header-display":"","ast-hfb-below-header-display":"","ast-hfb-mobile-header-display":"","site-post-title":"disabled","ast-breadcrumbs-content":"","ast-featured-img":"","footer-sml-layout":"","ast-disable-related-posts":"","theme-transparent-header-meta":"","adv-header-id-meta":"","stick-header-meta":"","header-above-stick-meta":"","header-main-stick-meta":"","header-below-stick-meta":"","astra-migrate-meta-layouts":"set","ast-page-background-enabled":"default","ast-page-background-meta":{"desktop":{"background-color":"var(--ast-global-color-4)","background-image":"","background-repeat":"repeat","background-position":"center center","background-size":"auto","background-attachment":"scroll","background-type":"","background-media":"","overlay-type":"","overlay-color":"","overlay-opacity":"","overlay-gradient":""},"tablet":{"background-color":"","background-image":"","background-repeat":"repeat","background-position":"center center","background-size":"auto","background-attachment":"scroll","background-type":"","background-media":"","overlay-type":"","overlay-color":"","overlay-opacity":"","overlay-gradient":""},"mobile":{"background-color":"","background-image":"","background-repeat":"repeat","background-position":"center center","background-size":"auto","background-attachment":"scroll","background-type":"","background-media":"","overlay-type":"","overlay-color":"","overlay-opacity":"","overlay-gradient":""}},"ast-content-background-meta":{"desktop":{"background-color":"var(--ast-global-color-5)","background-image":"","background-repeat":"repeat","background-position":"center center","background-size":"auto","background-attachment":"scroll","background-type":"","background-media":"","overlay-type":"","overlay-color":"","overlay-opacity":"","overlay-gradient":""},"tablet":{"background-color":"var(--ast-global-color-5)","background-image":"","background-repeat":"repeat","background-position":"center center","background-size":"auto","background-attachment":"scroll","background-type":"","background-media":"","overlay-type":"","overlay-color":"","overlay-opacity":"","overlay-gradient":""},"mobile":{"background-color":"var(--ast-global-color-5)","background-image":"","background-repeat":"repeat","background-position":"center center","background-size":"auto","background-attachment":"scroll","background-type":"","background-media":"","overlay-type":"","overlay-color":"","overlay-opacity":"","overlay-gradient":""}},"footnotes":""},"class_list":["post-2258","page","type-page","status-publish","hentry"],"uagb_featured_image_src":{"full":false,"thumbnail":false,"medium":false,"medium_large":false,"large":false,"1536x1536":false,"2048x2048":false,"trp-custom-language-flag":false},"uagb_author_info":{"display_name":"massage.restup@gmail.com","author_link":"https:\/\/restupmassage.com\/en\/author\/massage-restupgmail-com\/"},"uagb_comment_info":0,"uagb_excerpt":null,"_links":{"self":[{"href":"https:\/\/restupmassage.com\/en\/wp-json\/wp\/v2\/pages\/2258","targetHints":{"allow":["GET"]}}],"collection":[{"href":"https:\/\/restupmassage.com\/en\/wp-json\/wp\/v2\/pages"}],"about":[{"href":"https:\/\/restupmassage.com\/en\/wp-json\/wp\/v2\/types\/page"}],"author":[{"embeddable":true,"href":"https:\/\/restupmassage.com\/en\/wp-json\/wp\/v2\/users\/1"}],"replies":[{"embeddable":true,"href":"https:\/\/restupmassage.com\/en\/wp-json\/wp\/v2\/comments?post=2258"}],"version-history":[{"count":8,"href":"https:\/\/restupmassage.com\/en\/wp-json\/wp\/v2\/pages\/2258\/revisions"}],"predecessor-version":[{"id":2500,"href":"https:\/\/restupmassage.com\/en\/wp-json\/wp\/v2\/pages\/2258\/revisions\/2500"}],"wp:attachment":[{"href":"https:\/\/restupmassage.com\/en\/wp-json\/wp\/v2\/media?parent=2258"}],"curies":[{"name":"wp","href":"https:\/\/api.w.org\/{rel}","templated":true}]}}