{"id":2307,"date":"2024-07-21T17:53:32","date_gmt":"2024-07-21T17:53:32","guid":{"rendered":"https:\/\/restupmassage.com\/?page_id=2307"},"modified":"2025-02-03T20:01:14","modified_gmt":"2025-02-03T20:01:14","slug":"cenik-sluzeb","status":"publish","type":"page","link":"https:\/\/restupmassage.com\/en\/cenik-sluzeb\/","title":{"rendered":"Price list"},"content":{"rendered":"<h2 class=\"wp-block-heading\" style=\"font-size:60px\">Cen\u00edk slu\u017eeb<\/h2>\n\n\n\n<div class=\"wp-block-uagb-advanced-heading uagb-block-a390eab8\"><h2 class=\"uagb-heading-text\">REGENERATIVE MASSAGE<\/h2><\/div>\n\n\n\n<div class=\"wp-block-uagb-restaurant-menu uagb-block-38af4f3d uagb-rm__desk-column-2 uagb-rm__tablet-column-2 uagb-rm__mobile-column-1\">\n<div class=\"wp-block-uagb-restaurant-menu-child uagb-rest_menu__wrap\"><div class=\"uagb-rm__content\"><img decoding=\"async\" class=\"\" src=\"https:\/\/restupmassage.com\/wp-content\/uploads\/2025\/01\/6-1-300x300.png\" alt=\"\" width=\"100\" height=\"100\" loading=\"lazy\"\/><div class=\"uagb-rm-details\"><h4 class=\"uagb-rm__title\">Regenerative back massage<\/h4><div class=\"uagb-rm__desc\">30 minutes<\/div><\/div><span class=\"uagb-rm__price\"><strong>800 K\u010d<\/strong><\/span><\/div><div class=\"uagb-rm__separator\"><\/div><\/div>\n\n\n\n<div class=\"wp-block-uagb-restaurant-menu-child uagb-rest_menu__wrap\"><div class=\"uagb-rm__content\"><img decoding=\"async\" class=\"\" src=\"https:\/\/restupmassage.com\/wp-content\/uploads\/2025\/01\/6-1-300x300.png\" alt=\"\" width=\"100\" height=\"100\" loading=\"lazy\"\/><div class=\"uagb-rm-details\"><h4 class=\"uagb-rm__title\">Regenerative arm massage<\/h4><div class=\"uagb-rm__desc\">20 minutes<\/div><\/div><span class=\"uagb-rm__price\"><strong>650 K\u010d<\/strong><\/span><\/div><div class=\"uagb-rm__separator\"><\/div><\/div>\n\n\n\n<div class=\"wp-block-uagb-restaurant-menu-child uagb-rest_menu__wrap\"><div class=\"uagb-rm__content\"><img decoding=\"async\" class=\"\" src=\"https:\/\/restupmassage.com\/wp-content\/uploads\/2025\/01\/6-1-300x300.png\" alt=\"\" width=\"100\" height=\"100\" loading=\"lazy\"\/><div class=\"uagb-rm-details\"><h4 class=\"uagb-rm__title\">Regenerative front-side legs massage<\/h4><div class=\"uagb-rm__desc\">30 minutes<\/div><\/div><span class=\"uagb-rm__price\"><strong>750 K\u010d<\/strong><\/span><\/div><div class=\"uagb-rm__separator\"><\/div><\/div>\n\n\n\n<div class=\"wp-block-uagb-restaurant-menu-child uagb-rest_menu__wrap\"><div class=\"uagb-rm__content\"><img decoding=\"async\" class=\"\" src=\"https:\/\/restupmassage.com\/wp-content\/uploads\/2025\/01\/6-1-300x300.png\" alt=\"\" width=\"100\" height=\"100\" loading=\"lazy\"\/><div class=\"uagb-rm-details\"><h4 class=\"uagb-rm__title\">Regenerative back-side legs massage<\/h4><div class=\"uagb-rm__desc\">30 minutes<\/div><\/div><span class=\"uagb-rm__price\"><strong>750 K\u010d<\/strong><\/span><\/div><div class=\"uagb-rm__separator\"><\/div><\/div>\n\n\n\n<div class=\"wp-block-uagb-restaurant-menu-child uagb-rest_menu__wrap\"><div class=\"uagb-rm__content\"><img decoding=\"async\" class=\"\" src=\"https:\/\/restupmassage.com\/wp-content\/uploads\/2025\/01\/6-1-300x300.png\" alt=\"\" width=\"100\" height=\"100\" loading=\"lazy\"\/><div class=\"uagb-rm-details\"><h4 class=\"uagb-rm__title\">Regenerative neck massage<\/h4><div class=\"uagb-rm__desc\">15 minutes<\/div><\/div><span class=\"uagb-rm__price\"><strong>450 K\u010d<\/strong><\/span><\/div><div class=\"uagb-rm__separator\"><\/div><\/div>\n\n\n\n<div class=\"wp-block-uagb-restaurant-menu-child uagb-rest_menu__wrap\"><div class=\"uagb-rm__content\"><img decoding=\"async\" class=\"\" src=\"https:\/\/restupmassage.com\/wp-content\/uploads\/2025\/01\/6-1-300x300.png\" alt=\"\" width=\"100\" height=\"100\" loading=\"lazy\"\/><div class=\"uagb-rm-details\"><h4 class=\"uagb-rm__title\">Regenerative face\/chest massage<\/h4><div class=\"uagb-rm__desc\">10 minutes<\/div><\/div><span class=\"uagb-rm__price\"><strong>400 K\u010d<\/strong><\/span><\/div><div class=\"uagb-rm__separator\"><\/div><\/div>\n<\/div>\n\n\n\n<div class=\"wp-block-uagb-advanced-heading uagb-block-9a3621a7\"><h2 class=\"uagb-heading-text\">Put together your massage!<\/h2><\/div>\n\n\n\n<p>Arrange your massage according to your needs! Choose from the listed massages the selected areas to fit into a certain time.<\/p>\n\n\n\n<div class=\"wp-block-uagb-restaurant-menu uagb-block-67c44521 uagb-rm__desk-column-2 uagb-rm__tablet-column-2 uagb-rm__mobile-column-1\">\n<div class=\"wp-block-uagb-restaurant-menu-child uagb-rest_menu__wrap\"><div class=\"uagb-rm__content\"><img decoding=\"async\" class=\"\" src=\"https:\/\/restupmassage.com\/wp-content\/uploads\/2025\/01\/6-1-300x300.png\" alt=\"\" width=\"100\" height=\"100\" loading=\"lazy\"\/><div class=\"uagb-rm-details\"><h4 class=\"uagb-rm__title\">Total regenerative massage 60 minutes<\/h4><div class=\"uagb-rm__desc\">e.g. back + arms + face<br>e.g. back and front side of legs<\/div><\/div><span class=\"uagb-rm__price\"><strong>1 300 K\u010d<\/strong><\/span><\/div><div class=\"uagb-rm__separator\"><\/div><\/div>\n<\/div>\n\n\n\n<div class=\"wp-block-uagb-restaurant-menu uagb-block-2b80b7c8 uagb-rm__desk-column-2 uagb-rm__tablet-column-2 uagb-rm__mobile-column-1\">\n<div class=\"wp-block-uagb-restaurant-menu-child uagb-rest_menu__wrap\"><div class=\"uagb-rm__content\"><img decoding=\"async\" class=\"\" src=\"https:\/\/restupmassage.com\/wp-content\/uploads\/2025\/01\/6-1-300x300.png\" alt=\"\" width=\"100\" height=\"100\" loading=\"lazy\"\/><div class=\"uagb-rm-details\"><h4 class=\"uagb-rm__title\">Total regenerative massage 100 minutes<\/h4><div class=\"uagb-rm__desc\">e.g. back + front and back side of legs + chest<\/div><\/div><span class=\"uagb-rm__price\"><strong>2 000 K\u010d<\/strong><\/span><\/div><div class=\"uagb-rm__separator\"><\/div><\/div>\n<\/div>\n\n\n\n<div class=\"wp-block-uagb-buttons uagb-buttons__outer-wrap uagb-btn__default-btn uagb-btn-tablet__default-btn uagb-btn-mobile__default-btn uagb-block-c9cd8920\"><div class=\"uagb-buttons__wrap uagb-buttons-layout-wrap\">\n<div class=\"wp-block-uagb-buttons-child uagb-buttons__outer-wrap uagb-block-08847c68 wp-block-button\"><div class=\"uagb-button__wrapper\"><a class=\"uagb-buttons-repeater wp-block-button__link\" aria-label=\"\" href=\"https:\/\/restupmassage.com\/en\/contact\/\" rel=\"follow noopener\" target=\"_self\" role=\"button\"><div class=\"uagb-button__link\">BOOK<\/div><\/a><\/div><\/div>\n<\/div><\/div>\n\n\n\n<div class=\"wp-block-uagb-advanced-heading uagb-block-a260bd06\"><h2 class=\"uagb-heading-text\">SPORTS MASSAGE<\/h2><\/div>\n\n\n\n<div class=\"wp-block-uagb-restaurant-menu uagb-block-43d3f9e9 uagb-rm__desk-column-2 uagb-rm__tablet-column-2 uagb-rm__mobile-column-1\">\n<div class=\"wp-block-uagb-restaurant-menu-child uagb-rest_menu__wrap\"><div class=\"uagb-rm__content\"><img decoding=\"async\" class=\"\" src=\"https:\/\/restupmassage.com\/wp-content\/uploads\/2025\/01\/7-300x300.png\" alt=\"\" width=\"100\" height=\"100\" loading=\"lazy\"\/><div class=\"uagb-rm-details\"><h4 class=\"uagb-rm__title\">Sport back massage<\/h4><div class=\"uagb-rm__desc\">20 minutes<\/div><\/div><span class=\"uagb-rm__price\"><strong>800 K\u010d<\/strong><\/span><\/div><div class=\"uagb-rm__separator\"><\/div><\/div>\n\n\n\n<div class=\"wp-block-uagb-restaurant-menu-child uagb-rest_menu__wrap\"><div class=\"uagb-rm__content\"><img decoding=\"async\" class=\"\" src=\"https:\/\/restupmassage.com\/wp-content\/uploads\/2025\/01\/7-300x300.png\" alt=\"\" width=\"100\" height=\"100\" loading=\"lazy\"\/><div class=\"uagb-rm-details\"><h4 class=\"uagb-rm__title\">Sport front-side of legs massage<\/h4><div class=\"uagb-rm__desc\">20 minutes<\/div><\/div><span class=\"uagb-rm__price\"><strong>750 K\u010d<\/strong><\/span><\/div><div class=\"uagb-rm__separator\"><\/div><\/div>\n\n\n\n<div class=\"wp-block-uagb-restaurant-menu-child uagb-rest_menu__wrap\"><div class=\"uagb-rm__content\"><img decoding=\"async\" class=\"\" src=\"https:\/\/restupmassage.com\/wp-content\/uploads\/2025\/01\/7-300x300.png\" alt=\"\" width=\"100\" height=\"100\" loading=\"lazy\"\/><div class=\"uagb-rm-details\"><h4 class=\"uagb-rm__title\">Sport arms massage<\/h4><div class=\"uagb-rm__desc\">15 minutes<\/div><\/div><span class=\"uagb-rm__price\"><strong>650 K\u010d<\/strong><\/span><\/div><div class=\"uagb-rm__separator\"><\/div><\/div>\n\n\n\n<div class=\"wp-block-uagb-restaurant-menu-child uagb-rest_menu__wrap\"><div class=\"uagb-rm__content\"><img decoding=\"async\" class=\"\" src=\"https:\/\/restupmassage.com\/wp-content\/uploads\/2025\/01\/7-300x300.png\" alt=\"\" width=\"100\" height=\"100\" loading=\"lazy\"\/><div class=\"uagb-rm-details\"><h4 class=\"uagb-rm__title\">Sport back-side of legs massage<\/h4><div class=\"uagb-rm__desc\">20 minutes<\/div><\/div><span class=\"uagb-rm__price\"><strong>750 K\u010d<\/strong><\/span><\/div><div class=\"uagb-rm__separator\"><\/div><\/div>\n\n\n\n<div class=\"wp-block-uagb-restaurant-menu-child uagb-rest_menu__wrap\"><div class=\"uagb-rm__content\"><img decoding=\"async\" class=\"\" src=\"https:\/\/restupmassage.com\/wp-content\/uploads\/2025\/01\/7-300x300.png\" alt=\"\" width=\"100\" height=\"100\" loading=\"lazy\"\/><div class=\"uagb-rm-details\"><h4 class=\"uagb-rm__title\">Sport neck massage<\/h4><div class=\"uagb-rm__desc\">15 minutes<\/div><\/div><span class=\"uagb-rm__price\"><strong>450 K\u010d<\/strong><\/span><\/div><div class=\"uagb-rm__separator\"><\/div><\/div>\n\n\n\n<div class=\"wp-block-uagb-restaurant-menu-child uagb-rest_menu__wrap\"><div class=\"uagb-rm__content\"><img decoding=\"async\" class=\"\" src=\"https:\/\/restupmassage.com\/wp-content\/uploads\/2025\/01\/7-300x300.png\" alt=\"\" width=\"100\" height=\"100\" loading=\"lazy\"\/><div class=\"uagb-rm-details\"><h4 class=\"uagb-rm__title\">Sport chest massage<\/h4><div class=\"uagb-rm__desc\">10 minutes<\/div><\/div><span class=\"uagb-rm__price\"><strong>350 K\u010d<\/strong><\/span><\/div><div class=\"uagb-rm__separator\"><\/div><\/div>\n<\/div>\n\n\n\n<div class=\"wp-block-uagb-advanced-heading uagb-block-a87df0b4\"><h2 class=\"uagb-heading-text\">Put together your massage!<\/h2><\/div>\n\n\n\n<p>Arrange your massage according to your needs! Choose from the listed massages the selected areas to fit into a certain time.<\/p>\n\n\n\n<div class=\"wp-block-uagb-restaurant-menu uagb-block-1fc04a25 uagb-rm__desk-column-2 uagb-rm__tablet-column-2 uagb-rm__mobile-column-1\">\n<div class=\"wp-block-uagb-restaurant-menu-child uagb-rest_menu__wrap\"><div class=\"uagb-rm__content\"><img decoding=\"async\" class=\"\" src=\"https:\/\/restupmassage.com\/wp-content\/uploads\/2025\/01\/7-300x300.png\" alt=\"\" width=\"100\" height=\"100\" loading=\"lazy\"\/><div class=\"uagb-rm-details\"><h4 class=\"uagb-rm__title\">Total sports massage 60 minutes<\/h4><div class=\"uagb-rm__desc\">e.g. back + neck + arms + chest<br>e.g. back + legs<\/div><\/div><span class=\"uagb-rm__price\"><strong>1 400 K\u010d<\/strong><\/span><\/div><div class=\"uagb-rm__separator\"><\/div><\/div>\n<\/div>\n\n\n\n<div class=\"wp-block-uagb-restaurant-menu uagb-block-879379e7 uagb-rm__desk-column-2 uagb-rm__tablet-column-2 uagb-rm__mobile-column-1\">\n<div class=\"wp-block-uagb-restaurant-menu-child uagb-rest_menu__wrap\"><div class=\"uagb-rm__content\"><img decoding=\"async\" class=\"\" src=\"https:\/\/restupmassage.com\/wp-content\/uploads\/2025\/01\/7-300x300.png\" alt=\"\" width=\"100\" height=\"100\" loading=\"lazy\"\/><div class=\"uagb-rm-details\"><h4 class=\"uagb-rm__title\">Total sports massage 100 minutes<\/h4><div class=\"uagb-rm__desc\">Whole body<\/div><\/div><span class=\"uagb-rm__price\"><strong>2 200 K\u010d<\/strong><\/span><\/div><div class=\"uagb-rm__separator\"><\/div><\/div>\n<\/div>\n\n\n\n<div class=\"wp-block-uagb-buttons uagb-buttons__outer-wrap uagb-btn__default-btn uagb-btn-tablet__default-btn uagb-btn-mobile__default-btn uagb-block-144152bb\"><div class=\"uagb-buttons__wrap uagb-buttons-layout-wrap\">\n<div class=\"wp-block-uagb-buttons-child uagb-buttons__outer-wrap uagb-block-6c833c45 wp-block-button\"><div class=\"uagb-button__wrapper\"><a class=\"uagb-buttons-repeater wp-block-button__link\" aria-label=\"\" href=\"https:\/\/restupmassage.com\/en\/contact\/\" rel=\"follow noopener\" target=\"_self\" role=\"button\"><div class=\"uagb-button__link\">BOOK<\/div><\/a><\/div><\/div>\n<\/div><\/div>\n\n\n\n<div class=\"wp-block-uagb-advanced-heading uagb-block-348b1da0\"><h2 class=\"uagb-heading-text\">DEEP RELAX<\/h2><\/div>\n\n\n\n<div class=\"wp-block-uagb-restaurant-menu uagb-block-ac471015 uagb-rm__desk-column-2 uagb-rm__tablet-column-2 uagb-rm__mobile-column-1\">\n<div class=\"wp-block-uagb-restaurant-menu-child uagb-rest_menu__wrap\"><div class=\"uagb-rm__content\"><img decoding=\"async\" class=\"\" src=\"https:\/\/restupmassage.com\/wp-content\/uploads\/2025\/01\/9-300x300.png\" alt=\"\" width=\"100\" height=\"100\" loading=\"lazy\"\/><div class=\"uagb-rm-details\"><h4 class=\"uagb-rm__title\">DEEP RELAX 60 minutes<\/h4><div class=\"uagb-rm__desc\">DEEP RELAX includes a gentle massage of the back, neck, arms, head and face.<\/div><\/div><span class=\"uagb-rm__price\"><strong>1 300 K\u010d<\/strong><\/span><\/div><div class=\"uagb-rm__separator\"><\/div><\/div>\n<\/div>\n\n\n\n<div class=\"wp-block-uagb-buttons uagb-buttons__outer-wrap uagb-btn__default-btn uagb-btn-tablet__default-btn uagb-btn-mobile__default-btn uagb-block-d16755f9\"><div class=\"uagb-buttons__wrap uagb-buttons-layout-wrap\">\n<div class=\"wp-block-uagb-buttons-child uagb-buttons__outer-wrap uagb-block-328cede4 wp-block-button\"><div class=\"uagb-button__wrapper\"><a class=\"uagb-buttons-repeater wp-block-button__link\" aria-label=\"\" href=\"https:\/\/restupmassage.com\/en\/contact\/\" rel=\"follow noopener\" target=\"_self\" role=\"button\"><div class=\"uagb-button__link\">BOOK<\/div><\/a><\/div><\/div>\n<\/div><\/div>\n\n\n\n<div class=\"wp-block-uagb-advanced-heading uagb-block-a049e942\"><h2 class=\"uagb-heading-text\">KINESIOTAPING<\/h2><\/div>\n\n\n\n<div class=\"wp-block-uagb-restaurant-menu uagb-block-4acd5fc9 uagb-rm__desk-column-2 uagb-rm__tablet-column-2 uagb-rm__mobile-column-1\">\n<div class=\"wp-block-uagb-restaurant-menu-child uagb-rest_menu__wrap\"><div class=\"uagb-rm__content\"><img decoding=\"async\" class=\"\" src=\"https:\/\/restupmassage.com\/wp-content\/uploads\/2025\/01\/10-300x300.png\" alt=\"\" width=\"100\" height=\"100\" loading=\"lazy\"\/><div class=\"uagb-rm-details\"><h4 class=\"uagb-rm__title\">Small kinesiotaping<\/h4><div class=\"uagb-rm__desc\">e.g. bruised finger or toe, pain in the thumb joint<\/div><\/div><span class=\"uagb-rm__price\"><strong>100 K\u010d<\/strong><\/span><\/div><div class=\"uagb-rm__separator\"><\/div><\/div>\n<\/div>\n\n\n\n<div class=\"wp-block-uagb-restaurant-menu uagb-block-2ec7706e uagb-rm__desk-column-2 uagb-rm__tablet-column-2 uagb-rm__mobile-column-1\">\n<div class=\"wp-block-uagb-restaurant-menu-child uagb-rest_menu__wrap\"><div class=\"uagb-rm__content\"><img decoding=\"async\" class=\"\" src=\"https:\/\/restupmassage.com\/wp-content\/uploads\/2025\/01\/10-300x300.png\" alt=\"\" width=\"100\" height=\"100\" loading=\"lazy\"\/><div class=\"uagb-rm-details\"><h4 class=\"uagb-rm__title\">Middle kinesiotaping<\/h4><div class=\"uagb-rm__desc\">e.g. shoulder joint and scapula pain, javelin syndrome and <br>tennis elbow, knee and calf muscle pain<\/div><\/div><span class=\"uagb-rm__price\"><strong>200 K\u010d<\/strong><\/span><\/div><div class=\"uagb-rm__separator\"><\/div><\/div>\n<\/div>\n\n\n\n<div class=\"wp-block-uagb-restaurant-menu uagb-block-c471ca30 uagb-rm__desk-column-2 uagb-rm__tablet-column-2 uagb-rm__mobile-column-1\">\n<div class=\"wp-block-uagb-restaurant-menu-child uagb-rest_menu__wrap\"><div class=\"uagb-rm__content\"><img decoding=\"async\" class=\"\" src=\"https:\/\/restupmassage.com\/wp-content\/uploads\/2025\/01\/10-300x300.png\" alt=\"\" width=\"100\" height=\"100\" loading=\"lazy\"\/><div class=\"uagb-rm-details\"><h4 class=\"uagb-rm__title\">Big kinesiotaping<\/h4><div class=\"uagb-rm__desc\">e.g. pain when bending over, thigh ribs and intercostal muscles<\/div><\/div><span class=\"uagb-rm__price\"><strong>300 K\u010d<\/strong><\/span><\/div><div class=\"uagb-rm__separator\"><\/div><\/div>\n<\/div>\n\n\n\n<div class=\"wp-block-uagb-buttons uagb-buttons__outer-wrap uagb-btn__default-btn uagb-btn-tablet__default-btn uagb-btn-mobile__default-btn uagb-block-13368e54\"><div class=\"uagb-buttons__wrap uagb-buttons-layout-wrap\">\n<div class=\"wp-block-uagb-buttons-child uagb-buttons__outer-wrap uagb-block-76f28dc1 wp-block-button\"><div class=\"uagb-button__wrapper\"><a class=\"uagb-buttons-repeater wp-block-button__link\" aria-label=\"\" href=\"https:\/\/restupmassage.com\/en\/contact\/\" rel=\"follow noopener\" target=\"_self\" role=\"button\"><div class=\"uagb-button__link\">BOOK<\/div><\/a><\/div><\/div>\n<\/div><\/div>\n\n\n\n<div class=\"wp-block-uagb-advanced-heading uagb-block-12b539a8\"><h2 class=\"uagb-heading-text\">CUPPING<\/h2><\/div>\n\n\n\n<div class=\"wp-block-uagb-restaurant-menu uagb-block-7299af4c uagb-rm__desk-column-2 uagb-rm__tablet-column-2 uagb-rm__mobile-column-1\">\n<div class=\"wp-block-uagb-restaurant-menu-child uagb-rest_menu__wrap\"><div class=\"uagb-rm__content\"><img decoding=\"async\" class=\"\" src=\"https:\/\/restupmassage.com\/wp-content\/uploads\/2025\/01\/8-300x300.png\" alt=\"\" width=\"100\" height=\"100\" loading=\"lazy\"\/><div class=\"uagb-rm-details\"><h4 class=\"uagb-rm__title\">Relaxing cupping<\/h4><div class=\"uagb-rm__desc\"><em>Suitable for releasing tension in a specific area (back, neck or legs).<\/em><\/div><\/div><span class=\"uagb-rm__price\"><strong>600 K\u010d<\/strong><\/span><\/div><div class=\"uagb-rm__separator\"><\/div><\/div>\n<\/div>\n\n\n\n<div class=\"wp-block-uagb-restaurant-menu uagb-block-54ffc04d uagb-rm__desk-column-2 uagb-rm__tablet-column-2 uagb-rm__mobile-column-1\">\n<div class=\"wp-block-uagb-restaurant-menu-child uagb-rest_menu__wrap\"><div class=\"uagb-rm__content\"><img decoding=\"async\" class=\"\" src=\"https:\/\/restupmassage.com\/wp-content\/uploads\/2025\/01\/8-300x300.png\" alt=\"\" width=\"100\" height=\"100\" loading=\"lazy\"\/><div class=\"uagb-rm-details\"><h4 class=\"uagb-rm__title\">Full-body cupping<\/h4><div class=\"uagb-rm__desc\"><em><em>Whole-body intensive therapy focused on deep muscle relaxation and removal of blockages.<\/em><\/em><\/div><\/div><span class=\"uagb-rm__price\"><strong>1 000 K\u010d<\/strong><\/span><\/div><div class=\"uagb-rm__separator\"><\/div><\/div>\n<\/div>\n\n\n\n<div class=\"wp-block-uagb-restaurant-menu uagb-block-4b0f160d uagb-rm__desk-column-2 uagb-rm__tablet-column-2 uagb-rm__mobile-column-1\">\n<div class=\"wp-block-uagb-restaurant-menu-child uagb-rest_menu__wrap\"><div class=\"uagb-rm__content\"><img decoding=\"async\" class=\"\" src=\"https:\/\/restupmassage.com\/wp-content\/uploads\/2025\/01\/8-300x300.png\" alt=\"\" width=\"100\" height=\"100\" loading=\"lazy\"\/><div class=\"uagb-rm-details\"><h4 class=\"uagb-rm__title\">Detox cupping<\/h4><div class=\"uagb-rm__desc\"><em><em>A complex treatment complemented by massage to promote regeneration and detoxification.<\/em><\/em><\/div><\/div><span class=\"uagb-rm__price\"><strong>1 500 K\u010d<\/strong><\/span><\/div><div class=\"uagb-rm__separator\"><\/div><\/div>\n<\/div>\n\n\n\n<div class=\"wp-block-uagb-buttons uagb-buttons__outer-wrap uagb-btn__default-btn uagb-btn-tablet__default-btn uagb-btn-mobile__default-btn uagb-block-5f6b7896\"><div class=\"uagb-buttons__wrap uagb-buttons-layout-wrap\">\n<div class=\"wp-block-uagb-buttons-child uagb-buttons__outer-wrap uagb-block-40fb6046 wp-block-button\"><div class=\"uagb-button__wrapper\"><a class=\"uagb-buttons-repeater wp-block-button__link\" aria-label=\"\" href=\"https:\/\/restupmassage.com\/en\/contact\/\" rel=\"follow noopener\" target=\"_self\" role=\"button\"><div class=\"uagb-button__link\">BOOK<\/div><\/a><\/div><\/div>\n<\/div><\/div>\n\n\n\n<div class=\"wp-block-uagb-info-box uagb-block-yygxoso8 uagb-infobox__content-wrap  uagb-infobox-icon-above-title uagb-infobox-image-valign-top\"><div class=\"uagb-ifb-content\"><div class=\"uagb-ifb-title-wrap\"><p class=\"uagb-ifb-title-prefix\">the following cancellation policy:  <\/p><h1 class=\"uagb-ifb-title\">CANCELLATION POLICY<\/h1><\/div><p class=\"uagb-ifb-desc\"><strong>Cancellation of massage more than 24 hours in advance<\/strong><br>If you cancel your massage at least 24 hours prior to your appointment, <strong>I do not charge<\/strong> a cancellation fee<br><strong>Cancellation less than 24 hours in advance<\/strong><br>If you cancel your massage less than 24 hours before the appointment, I charge a cancellation fee of&nbsp;<strong>50% of the massage price.<\/strong>.<br><strong>Cancellation less than 12 hours in advance<\/strong><br>If you cancel your massage later than 12 hours before the appointment, I will charge a cancellation fee of&nbsp;<strong>75% of the massage price.<\/strong>.<br><strong>No excuse from massage<\/strong><br>If you do not show up for the appointment and also do not cancel the massage, I charge&nbsp;<strong>100% of the cost of the massage<\/strong>.<\/p><\/div><\/div>","protected":false},"excerpt":{"rendered":"<p>Cen\u00edk slu\u017eeb REGENERA\u010cN\u00cd MAS\u00c1\u017d Poskl\u00e1dejte si svoji mas\u00e1\u017e! Poskl\u00e1dejte si svoji mas\u00e1\u017e podle va\u0161ich pot\u0159eb! Vyberte si z uveden\u00fdch mas\u00e1\u017e\u00ed zvolen\u00e9 partie tak, aby jste se ve\u0161li do ur\u010dit\u00e9ho \u010dasu. SPORTOVN\u00cd MAS\u00c1\u017d Poskl\u00e1dejte si svoji mas\u00e1\u017e! Poskl\u00e1dejte si svoji mas\u00e1\u017e podle va\u0161ich pot\u0159eb! Vyberte si z uveden\u00fdch mas\u00e1\u017e\u00ed zvolen\u00e9 partie tak, aby jste se ve\u0161li [&hellip;]<\/p>","protected":false},"author":1,"featured_media":0,"parent":0,"menu_order":0,"comment_status":"closed","ping_status":"closed","template":"","meta":{"_uag_custom_page_level_css":"","site-sidebar-layout":"default","site-content-layout":"","ast-site-content-layout":"default","site-content-style":"default","site-sidebar-style":"default","ast-global-header-display":"","ast-banner-title-visibility":"","ast-main-header-display":"","ast-hfb-above-header-display":"","ast-hfb-below-header-display":"","ast-hfb-mobile-header-display":"","site-post-title":"disabled","ast-breadcrumbs-content":"","ast-featured-img":"","footer-sml-layout":"","ast-disable-related-posts":"","theme-transparent-header-meta":"","adv-header-id-meta":"","stick-header-meta":"","header-above-stick-meta":"","header-main-stick-meta":"","header-below-stick-meta":"","astra-migrate-meta-layouts":"set","ast-page-background-enabled":"default","ast-page-background-meta":{"desktop":{"background-color":"var(--ast-global-color-4)","background-image":"","background-repeat":"repeat","background-position":"center center","background-size":"auto","background-attachment":"scroll","background-type":"","background-media":"","overlay-type":"","overlay-color":"","overlay-opacity":"","overlay-gradient":""},"tablet":{"background-color":"","background-image":"","background-repeat":"repeat","background-position":"center center","background-size":"auto","background-attachment":"scroll","background-type":"","background-media":"","overlay-type":"","overlay-color":"","overlay-opacity":"","overlay-gradient":""},"mobile":{"background-color":"","background-image":"","background-repeat":"repeat","background-position":"center center","background-size":"auto","background-attachment":"scroll","background-type":"","background-media":"","overlay-type":"","overlay-color":"","overlay-opacity":"","overlay-gradient":""}},"ast-content-background-meta":{"desktop":{"background-color":"var(--ast-global-color-5)","background-image":"","background-repeat":"repeat","background-position":"center center","background-size":"auto","background-attachment":"scroll","background-type":"","background-media":"","overlay-type":"","overlay-color":"","overlay-opacity":"","overlay-gradient":""},"tablet":{"background-color":"var(--ast-global-color-5)","background-image":"","background-repeat":"repeat","background-position":"center center","background-size":"auto","background-attachment":"scroll","background-type":"","background-media":"","overlay-type":"","overlay-color":"","overlay-opacity":"","overlay-gradient":""},"mobile":{"background-color":"var(--ast-global-color-5)","background-image":"","background-repeat":"repeat","background-position":"center center","background-size":"auto","background-attachment":"scroll","background-type":"","background-media":"","overlay-type":"","overlay-color":"","overlay-opacity":"","overlay-gradient":""}},"footnotes":""},"class_list":["post-2307","page","type-page","status-publish","hentry"],"uagb_featured_image_src":{"full":false,"thumbnail":false,"medium":false,"medium_large":false,"large":false,"1536x1536":false,"2048x2048":false,"trp-custom-language-flag":false},"uagb_author_info":{"display_name":"massage.restup@gmail.com","author_link":"https:\/\/restupmassage.com\/en\/author\/massage-restupgmail-com\/"},"uagb_comment_info":0,"uagb_excerpt":"Cen\u00edk slu\u017eeb REGENERA\u010cN\u00cd MAS\u00c1\u017d Poskl\u00e1dejte si svoji mas\u00e1\u017e! Poskl\u00e1dejte si svoji mas\u00e1\u017e podle va\u0161ich pot\u0159eb! Vyberte si z uveden\u00fdch mas\u00e1\u017e\u00ed zvolen\u00e9 partie tak, aby jste se ve\u0161li do ur\u010dit\u00e9ho \u010dasu. SPORTOVN\u00cd MAS\u00c1\u017d Poskl\u00e1dejte si svoji mas\u00e1\u017e! Poskl\u00e1dejte si svoji mas\u00e1\u017e podle va\u0161ich pot\u0159eb! Vyberte si z uveden\u00fdch mas\u00e1\u017e\u00ed zvolen\u00e9 partie tak, aby jste se ve\u0161li&hellip;","_links":{"self":[{"href":"https:\/\/restupmassage.com\/en\/wp-json\/wp\/v2\/pages\/2307","targetHints":{"allow":["GET"]}}],"collection":[{"href":"https:\/\/restupmassage.com\/en\/wp-json\/wp\/v2\/pages"}],"about":[{"href":"https:\/\/restupmassage.com\/en\/wp-json\/wp\/v2\/types\/page"}],"author":[{"embeddable":true,"href":"https:\/\/restupmassage.com\/en\/wp-json\/wp\/v2\/users\/1"}],"replies":[{"embeddable":true,"href":"https:\/\/restupmassage.com\/en\/wp-json\/wp\/v2\/comments?post=2307"}],"version-history":[{"count":29,"href":"https:\/\/restupmassage.com\/en\/wp-json\/wp\/v2\/pages\/2307\/revisions"}],"predecessor-version":[{"id":2487,"href":"https:\/\/restupmassage.com\/en\/wp-json\/wp\/v2\/pages\/2307\/revisions\/2487"}],"wp:attachment":[{"href":"https:\/\/restupmassage.com\/en\/wp-json\/wp\/v2\/media?parent=2307"}],"curies":[{"name":"wp","href":"https:\/\/api.w.org\/{rel}","templated":true}]}}