{"id":2446,"date":"2025-01-26T08:47:23","date_gmt":"2025-01-26T08:47:23","guid":{"rendered":"https:\/\/restupmassage.com\/?page_id=2446"},"modified":"2025-01-26T08:47:23","modified_gmt":"2025-01-26T08:47:23","slug":"spoluprace-se-sportovnimi-tymy","status":"publish","type":"page","link":"https:\/\/restupmassage.com\/en\/spoluprace-se-sportovnimi-tymy\/","title":{"rendered":"Collaboration with sports teams"},"content":{"rendered":"<div class=\"wp-block-uagb-container uagb-block-st2nedha alignfull uagb-is-root-container\"><div class=\"uagb-container-inner-blocks-wrap\">\n<div class=\"wp-block-uagb-info-box uagb-block-qx4huld7 uagb-infobox__content-wrap  uagb-infobox-icon-above-title uagb-infobox-image-valign-top\"><div class=\"uagb-ifb-content\"><div class=\"uagb-ifb-title-wrap\"><h1 class=\"uagb-ifb-title\">Collaboration with sports teams<\/h1><\/div><p class=\"uagb-ifb-desc\">As a professional massage therapist, I specialize in supporting athletes of all levels - from amateur teams to professional sports clubs. <br>Massages are an indispensable part of regeneration, injury prevention and improving sports performance.<\/p><\/div><\/div>\n\n\n\n<div class=\"wp-block-uagb-container uagb-block-tqnn8jpk\">\n<div class=\"wp-block-uagb-image alignleft uagb-block-2dbt42qw wp-block-uagb-image--layout-default wp-block-uagb-image--effect-static wp-block-uagb-image--align-left\"><figure class=\"wp-block-uagb-image__figure\"><img decoding=\"async\" srcset=\"https:\/\/restupmassage.com\/wp-content\/uploads\/2025\/01\/7b4cd9ea-454f-4461-ac51-6a5e8ba14591-3-edited.jpg ,https:\/\/restupmassage.com\/wp-content\/uploads\/2025\/01\/7b4cd9ea-454f-4461-ac51-6a5e8ba14591-3.jpg 780w, https:\/\/restupmassage.com\/wp-content\/uploads\/2025\/01\/7b4cd9ea-454f-4461-ac51-6a5e8ba14591-3.jpg 360w\" sizes=\"auto, (max-width: 480px) 150px\" src=\"https:\/\/restupmassage.com\/wp-content\/uploads\/2025\/01\/7b4cd9ea-454f-4461-ac51-6a5e8ba14591-3-edited.jpg\" alt=\"\" class=\"uag-image-2458\" width=\"282\" height=\"370\" title=\"7b4cd9ea-454f-4461-ac51-6a5e8ba14591\" loading=\"lazy\" role=\"img\"\/><\/figure><\/div>\n\n\n\n<div class=\"wp-block-uagb-image alignleft uagb-block-uug3namo wp-block-uagb-image--layout-default wp-block-uagb-image--effect-static wp-block-uagb-image--align-left\"><figure class=\"wp-block-uagb-image__figure\"><img decoding=\"async\" srcset=\"https:\/\/restupmassage.com\/wp-content\/uploads\/2025\/01\/IMG_698694A41895-1-587x1024.jpeg ,https:\/\/restupmassage.com\/wp-content\/uploads\/2025\/01\/IMG_698694A41895-1.jpeg 780w, https:\/\/restupmassage.com\/wp-content\/uploads\/2025\/01\/IMG_698694A41895-1.jpeg 360w\" sizes=\"auto, (max-width: 480px) 150px\" src=\"https:\/\/restupmassage.com\/wp-content\/uploads\/2025\/01\/IMG_698694A41895-1-587x1024.jpeg\" alt=\"\" class=\"uag-image-2464\" width=\"282\" height=\"420\" title=\"IMG_698694A41895-1\" loading=\"lazy\" role=\"img\"\/><\/figure><\/div>\n\n\n\n<div class=\"wp-block-uagb-image alignleft uagb-block-ixkolewp wp-block-uagb-image--layout-default wp-block-uagb-image--effect-static wp-block-uagb-image--align-left\"><figure class=\"wp-block-uagb-image__figure\"><img decoding=\"async\" srcset=\"https:\/\/restupmassage.com\/wp-content\/uploads\/2025\/01\/IMG_4301-1024x675.jpg ,https:\/\/restupmassage.com\/wp-content\/uploads\/2025\/01\/IMG_4301.jpg 780w, https:\/\/restupmassage.com\/wp-content\/uploads\/2025\/01\/IMG_4301.jpg 360w\" sizes=\"auto, (max-width: 480px) 150px\" src=\"https:\/\/restupmassage.com\/wp-content\/uploads\/2025\/01\/IMG_4301-1024x675.jpg\" alt=\"\" class=\"uag-image-2453\" width=\"282\" height=\"370\" title=\"IMG_4301\" loading=\"lazy\" role=\"img\"\/><\/figure><\/div>\n\n\n\n<div class=\"wp-block-uagb-image alignleft uagb-block-4l4gqsjh wp-block-uagb-image--layout-default wp-block-uagb-image--effect-static wp-block-uagb-image--align-left\"><figure class=\"wp-block-uagb-image__figure\"><img decoding=\"async\" srcset=\"https:\/\/restupmassage.com\/wp-content\/uploads\/2025\/01\/IMG_6430-edited-scaled.jpg ,https:\/\/restupmassage.com\/wp-content\/uploads\/2025\/01\/IMG_6430-scaled.jpg 780w, https:\/\/restupmassage.com\/wp-content\/uploads\/2025\/01\/IMG_6430-scaled.jpg 360w\" sizes=\"auto, (max-width: 480px) 150px\" src=\"https:\/\/restupmassage.com\/wp-content\/uploads\/2025\/01\/IMG_6430-edited-scaled.jpg\" alt=\"\" class=\"uag-image-2456\" width=\"282\" height=\"420\" title=\"IMG_6430\" loading=\"lazy\" role=\"img\"\/><\/figure><\/div>\n<\/div>\n<\/div><\/div>\n\n\n\n<div class=\"wp-block-uagb-container uagb-block-6o2ikgum alignfull uagb-is-root-container\"><div class=\"uagb-container-inner-blocks-wrap\">\n<div class=\"wp-block-uagb-container uagb-block-ovlzheik\">\n<div class=\"wp-block-uagb-container uagb-block-x2uljuo5\">\n<div class=\"wp-block-uagb-info-box uagb-block-74uecr4i uagb-infobox__content-wrap  uagb-infobox-icon-above-title uagb-infobox-image-valign-top\"><div class=\"uagb-ifb-content\"><div class=\"uagb-ifb-title-wrap\"><h2 class=\"uagb-ifb-title\"><strong>What do I offer?<\/strong><\/h2><\/div><p class=\"uagb-ifb-desc\"> <\/p><\/div><\/div>\n<\/div>\n\n\n\n<div class=\"wp-block-uagb-container uagb-block-qdc8yebi\"><\/div>\n<\/div>\n\n\n\n<div class=\"wp-block-uagb-container uagb-block-rhoibjxo\">\n<div class=\"wp-block-uagb-container uagb-block-kzsr3wx2\">\n<div class=\"wp-block-uagb-info-box uagb-block-mptvdl8x uagb-infobox__content-wrap  uagb-infobox-icon-above-title uagb-infobox-image-valign-top\"><div class=\"uagb-ifb-content\"><div class=\"uagb-ifb-title-wrap\"><p class=\"uagb-ifb-title-prefix\">01<\/p><h3 class=\"uagb-ifb-title\"><strong>Individual sports massage<\/strong><\/h3><\/div><p class=\"uagb-ifb-desc\">- Customized massage techniques focused on the needs of athletes (pre-exercise, post-exercise, recovery).<br>- Helping to relieve muscle tension, eliminate muscle fatigue and speed up recovery.<\/p><\/div><\/div>\n<\/div>\n\n\n\n<div class=\"wp-block-uagb-container uagb-block-gxetfcsi\">\n<div class=\"wp-block-uagb-info-box uagb-block-xf9qcf56 uagb-infobox__content-wrap  uagb-infobox-icon-above-title uagb-infobox-image-valign-top\"><div class=\"uagb-ifb-content\"><div class=\"uagb-ifb-title-wrap\"><p class=\"uagb-ifb-title-prefix\">02<\/p><h3 class=\"uagb-ifb-title\"><strong>Prevent injuries and promote performance<\/strong><\/h3><\/div><p class=\"uagb-ifb-desc\">- Regular care to help prevent muscle injuries and promote optimal performance in athletes.<br>- Focus on critical areas (e.g. back, legs, neck) depending on the sport.<\/p><\/div><\/div>\n<\/div>\n\n\n\n<div class=\"wp-block-uagb-container uagb-block-nwdwxl6a\">\n<div class=\"wp-block-uagb-info-box uagb-block-suonbcyr uagb-infobox__content-wrap  uagb-infobox-icon-above-title uagb-infobox-image-valign-top\"><div class=\"uagb-ifb-content\"><div class=\"uagb-ifb-title-wrap\"><p class=\"uagb-ifb-title-prefix\">03<\/p><h3 class=\"uagb-ifb-title\"><strong>Individual and team massages<\/strong><\/h3><\/div><p class=\"uagb-ifb-desc\">- Work with individual athletes and entire teams.<br>- Possibility of cooperation on a regular basis or during specific sporting events (matches, tournaments, camps).<\/p><\/div><\/div>\n<\/div>\n\n\n\n<div class=\"wp-block-uagb-container uagb-block-f3e87ff0\">\n<div class=\"wp-block-uagb-info-box uagb-block-b76f1c9c uagb-infobox__content-wrap  uagb-infobox-icon-above-title uagb-infobox-image-valign-top\"><div class=\"uagb-ifb-content\"><div class=\"uagb-ifb-title-wrap\"><p class=\"uagb-ifb-title-prefix\">03<\/p><h3 class=\"uagb-ifb-title\"><strong>On-site massages<\/strong><\/h3><\/div><p class=\"uagb-ifb-desc\">- Possibility to drive to the club premises or to the sports ground.<br>- I will bring the equipment (massage couch, oils, disinfectant) so that everything goes without worries.<\/p><\/div><\/div>\n<\/div>\n<\/div>\n<\/div><\/div>\n\n\n\n<div class=\"wp-block-uagb-container uagb-block-gh2orq6w alignfull uagb-is-root-container\"><div class=\"uagb-container-inner-blocks-wrap\">\n<div class=\"wp-block-uagb-container uagb-block-qwtbzxfg\">\n<div class=\"wp-block-uagb-image uagb-block-3215ea11 wp-block-uagb-image--layout-default wp-block-uagb-image--effect-static wp-block-uagb-image--align-none\"><figure class=\"wp-block-uagb-image__figure\"><img decoding=\"async\" srcset=\"https:\/\/restupmassage.com\/wp-content\/uploads\/2025\/01\/IMG_6356-2-768x1024.jpeg ,https:\/\/restupmassage.com\/wp-content\/uploads\/2025\/01\/IMG_6356-2-scaled.jpeg 780w, https:\/\/restupmassage.com\/wp-content\/uploads\/2025\/01\/IMG_6356-2-scaled.jpeg 360w\" sizes=\"auto, (max-width: 480px) 150px\" src=\"https:\/\/restupmassage.com\/wp-content\/uploads\/2025\/01\/IMG_6356-2-768x1024.jpeg\" alt=\"\" class=\"uag-image-2465\" width=\"393\" height=\"523\" title=\"IMG_6356\" loading=\"lazy\" role=\"img\"\/><\/figure><\/div>\n<\/div>\n\n\n\n<div class=\"wp-block-uagb-info-box uagb-block-ilaeorjm uagb-infobox__content-wrap  uagb-infobox-icon-above-title uagb-infobox-image-valign-top\"><div class=\"uagb-ifb-content\"><div class=\"uagb-ifb-title-wrap\"><h2 class=\"uagb-ifb-title\"><strong>Why should you choose me?<\/strong><\/h2><\/div><p class=\"uagb-ifb-desc\"><strong>1. Expertise:<\/strong>\u00a0I am an experienced massage therapist with a certification and over 7 years of experience in sports.<br><br><strong>2. Personal approach:<\/strong>\u00a0Each athlete has different needs - I will adjust the technique and intensity of the massage.<br><br><strong>3. Reliability and flexibility:<\/strong>\u00a0My goal is to become your reliable partner in taking care of the health and performance of your athletes.<\/p><div class=\"uagb-ifb-button-wrapper wp-block-button\"><a href=\"https:\/\/restupmassage.com\/en\/about\/\" target=\"_self\" onclick=\"return true;\" class=\"uagb-infobox-cta-link\" rel=\"noopener noreferrer\"><span class=\"uagb-inline-editing\">Read more<\/span><svg xmlns=\"https:\/\/www.w3.org\/2000\/svg\" viewbox=\"0 0 320 512\"><path d=\"M96 480c-8.188 0-16.38-3.125-22.62-9.375c-12.5-12.5-12.5-32.75 0-45.25L242.8 256L73.38 86.63c-12.5-12.5-12.5-32.75 0-45.25s32.75-12.5 45.25 0l192 192c12.5 12.5 12.5 32.75 0 45.25l-192 192C112.4 476.9 104.2 480 96 480z\"><\/path><\/svg><\/a><\/div><\/div><\/div>\n<\/div><\/div>\n\n\n\n<div class=\"wp-block-uagb-advanced-heading uagb-block-a1c2d491\"><h2 class=\"uagb-heading-text\"><strong>The benefits for your club<\/strong><\/h2><\/div>\n\n\n\n<div class=\"wp-block-uagb-container uagb-block-ljjl1wny alignfull uagb-is-root-container\"><div class=\"uagb-container-inner-blocks-wrap\">\n<div class=\"wp-block-uagb-container uagb-block-h0vi4zx0\">\n<div class=\"wp-block-uagb-info-box uagb-block-comcf6ia uagb-infobox__content-wrap  uagb-infobox-icon-left uagb-infobox-left uagb-infobox-image-valign-top\"><div class=\"uagb-ifb-icon-wrap\"><div class=\"uagb-iconbox-icon-wrap uagb-infobox-shape-circle\"><svg xmlns=\"https:\/\/www.w3.org\/2000\/svg\" viewbox=\"0 0 448 512\"><path d=\"M438.6 105.4C451.1 117.9 451.1 138.1 438.6 150.6L182.6 406.6C170.1 419.1 149.9 419.1 137.4 406.6L9.372 278.6C-3.124 266.1-3.124 245.9 9.372 233.4C21.87 220.9 42.13 220.9 54.63 233.4L159.1 338.7L393.4 105.4C405.9 92.88 426.1 92.88 438.6 105.4H438.6z\"><\/path><\/svg><\/div><\/div><div class=\"uagb-ifb-content\"><div class=\"uagb-ifb-title-wrap\"><h3 class=\"uagb-ifb-title\"><strong>Healthier and happier athletes<\/strong><\/h3><\/div><p class=\"uagb-ifb-desc\">Regular massage improves recovery and reduces the risk of overtraining.<\/p><\/div><\/div>\n\n\n\n<div class=\"wp-block-uagb-info-box uagb-block-qrilnuan uagb-infobox__content-wrap  uagb-infobox-icon-left uagb-infobox-left uagb-infobox-image-valign-top\"><div class=\"uagb-ifb-icon-wrap\"><div class=\"uagb-iconbox-icon-wrap uagb-infobox-shape-circle\"><svg xmlns=\"https:\/\/www.w3.org\/2000\/svg\" viewbox=\"0 0 448 512\"><path d=\"M438.6 105.4C451.1 117.9 451.1 138.1 438.6 150.6L182.6 406.6C170.1 419.1 149.9 419.1 137.4 406.6L9.372 278.6C-3.124 266.1-3.124 245.9 9.372 233.4C21.87 220.9 42.13 220.9 54.63 233.4L159.1 338.7L393.4 105.4C405.9 92.88 426.1 92.88 438.6 105.4H438.6z\"><\/path><\/svg><\/div><\/div><div class=\"uagb-ifb-content\"><div class=\"uagb-ifb-title-wrap\"><h3 class=\"uagb-ifb-title\"><strong>Increase in performance<\/strong><\/h3><\/div><p class=\"uagb-ifb-desc\">A relaxed and prepared body achieves better results.<\/p><\/div><\/div>\n\n\n\n<div class=\"wp-block-uagb-info-box uagb-block-9orzmazn uagb-infobox__content-wrap  uagb-infobox-icon-left uagb-infobox-left uagb-infobox-image-valign-top\"><div class=\"uagb-ifb-icon-wrap\"><div class=\"uagb-iconbox-icon-wrap uagb-infobox-shape-circle\"><svg xmlns=\"https:\/\/www.w3.org\/2000\/svg\" viewbox=\"0 0 448 512\"><path d=\"M438.6 105.4C451.1 117.9 451.1 138.1 438.6 150.6L182.6 406.6C170.1 419.1 149.9 419.1 137.4 406.6L9.372 278.6C-3.124 266.1-3.124 245.9 9.372 233.4C21.87 220.9 42.13 220.9 54.63 233.4L159.1 338.7L393.4 105.4C405.9 92.88 426.1 92.88 438.6 105.4H438.6z\"><\/path><\/svg><\/div><\/div><div class=\"uagb-ifb-content\"><div class=\"uagb-ifb-title-wrap\"><h3 class=\"uagb-ifb-title\"><strong>Support during workouts and tournaments<\/strong><\/h3><\/div><p class=\"uagb-ifb-desc\">Massages during the season help athletes recover faster and be ready for the next challenge.<\/p><\/div><\/div>\n\n\n\n<div class=\"wp-block-uagb-info-box uagb-block-wg8j0shy uagb-infobox__content-wrap  uagb-infobox-icon-left uagb-infobox-left uagb-infobox-image-valign-top\"><div class=\"uagb-ifb-icon-wrap\"><div class=\"uagb-iconbox-icon-wrap uagb-infobox-shape-circle\"><svg xmlns=\"https:\/\/www.w3.org\/2000\/svg\" viewbox=\"0 0 448 512\"><path d=\"M438.6 105.4C451.1 117.9 451.1 138.1 438.6 150.6L182.6 406.6C170.1 419.1 149.9 419.1 137.4 406.6L9.372 278.6C-3.124 266.1-3.124 245.9 9.372 233.4C21.87 220.9 42.13 220.9 54.63 233.4L159.1 338.7L393.4 105.4C405.9 92.88 426.1 92.88 438.6 105.4H438.6z\"><\/path><\/svg><\/div><\/div><div class=\"uagb-ifb-content\"><div class=\"uagb-ifb-title-wrap\"><h3 class=\"uagb-ifb-title\"><strong>Flexibility<\/strong><\/h3><\/div><p class=\"uagb-ifb-desc\">I can adapt to time and location to make working together as convenient as possible for your club.<\/p><\/div><\/div>\n<\/div>\n<\/div><\/div>\n\n\n\n<div class=\"wp-block-uagb-container uagb-block-yyei6i9b alignfull uagb-is-root-container\"><div class=\"uagb-container-inner-blocks-wrap\">\n<div class=\"wp-block-uagb-info-box uagb-block-yruy9lmh uagb-infobox__content-wrap  uagb-infobox-icon-above-title uagb-infobox-image-valign-top\"><div class=\"uagb-ifb-content\"><div class=\"uagb-ifb-title-wrap\"><h2 class=\"uagb-ifb-title\"><strong>Price packages<\/strong><\/h2><\/div><p class=\"uagb-ifb-desc\"><em>Please contact me for a specific quote - prices are based on the number of athletes, frequency of massages and duration of cooperation.<\/em><\/p><div class=\"uagb-ifb-button-wrapper wp-block-button\"><a href=\"https:\/\/restupmassage.com\/en\/contact\/\" target=\"_self\" onclick=\"return true;\" class=\"uagb-infobox-cta-link\" rel=\"noopener noreferrer\"><span class=\"uagb-inline-editing\">Contact<\/span><svg xmlns=\"https:\/\/www.w3.org\/2000\/svg\" viewbox=\"0 0 448 512\"><path d=\"M438.6 278.6l-160 160C272.4 444.9 264.2 448 256 448s-16.38-3.125-22.62-9.375c-12.5-12.5-12.5-32.75 0-45.25L338.8 288H32C14.33 288 .0016 273.7 .0016 256S14.33 224 32 224h306.8l-105.4-105.4c-12.5-12.5-12.5-32.75 0-45.25s32.75-12.5 45.25 0l160 160C451.1 245.9 451.1 266.1 438.6 278.6z\"><\/path><\/svg><\/a><\/div><\/div><\/div>\n\n\n\n<div class=\"wp-block-uagb-container uagb-block-2wdakehl\">\n<div class=\"wp-block-uagb-container uagb-block-jzg1omk1\">\n<div class=\"wp-block-uagb-info-box uagb-block-ji0pa0pb uagb-infobox__content-wrap  uagb-infobox-icon-above-title uagb-infobox-image-valign-top\"><div class=\"uagb-ifb-content\"><div class=\"uagb-ifb-title-wrap\"><p class=\"uagb-ifb-title-prefix\">01<\/p><h3 class=\"uagb-ifb-title\"><strong>One-off events<\/strong><\/h3><\/div><p class=\"uagb-ifb-desc\">Ideal for tournaments, competitions, camps or occasional events.<br><strong>What's included:<\/strong> on-site massage services during a one-off event (e.g. before\/after matches or between competitions).<br><strong>Price from 1000 CZK \/ hour<\/strong><br>Customizable length of service (e.g. 15, 20 or 30 minutes per athlete).<br><strong>Example:<\/strong><br>10 athletes, 20 minutes of massage each -\u00a0<strong>5 000 CZK per event<\/strong>.<\/p><\/div><\/div>\n<\/div>\n\n\n\n<div class=\"wp-block-uagb-container uagb-block-0yjiezqa\">\n<div class=\"wp-block-uagb-info-box uagb-block-mqyjx3or uagb-infobox__content-wrap  uagb-infobox-icon-above-title uagb-infobox-image-valign-top\"><div class=\"uagb-ifb-content\"><div class=\"uagb-ifb-title-wrap\"><p class=\"uagb-ifb-title-prefix\">02<\/p><h3 class=\"uagb-ifb-title\"><strong>Regular collaboration<\/strong>\u00a0<\/h3><\/div><p class=\"uagb-ifb-desc\">A great option for clubs that want to support the health and performance of their athletes over the long term.<br><strong>What's included:<\/strong> Regular massage services on the premises of the club + a tailor-made massage plan to suit the needs of the team.<br><strong>Price from<\/strong>\u00a0<strong>1300 CZK \/ hour <\/strong>on regular dates.<br><strong>Example:<\/strong><br>2 massages per month for a total of 10 athletes (1 athlete for 20 minutes) - price from 4 500 CZK per month.\u00a0<strong>4 500 K\u010d m\u011bs\u00ed\u010dn\u011b<\/strong>.<\/p><\/div><\/div>\n<\/div>\n\n\n\n<div class=\"wp-block-uagb-container uagb-block-5oaznqnk\">\n<div class=\"wp-block-uagb-info-box uagb-block-ialgnnew uagb-infobox__content-wrap  uagb-infobox-icon-above-title uagb-infobox-image-valign-top\"><div class=\"uagb-ifb-content\"><div class=\"uagb-ifb-title-wrap\"><p class=\"uagb-ifb-title-prefix\">03<\/p><h3 class=\"uagb-ifb-title\"><strong>Individual program<\/strong><\/h3><\/div><p class=\"uagb-ifb-desc\">For clubs that want to give individual care to their athletes.<br><strong>What's included:<\/strong> Individual massage services in my studio for specific athletes with emphasis on their needs (e.g. treatment of overload, regeneration) + Possibility of consultation and adaptation of techniques according to the current state of the athlete.<br><strong>Price from 800 CZK \/ massage.<\/strong><br><strong>Example:<\/strong><br>Individual massages 2x per week (30 minutes) for a selected athlete - price from\u00a0<strong>6 400 CZK per month.<\/strong>.<\/p><\/div><\/div>\n<\/div>\n<\/div>\n<\/div><\/div>","protected":false},"excerpt":{"rendered":"<p>The benefits for your club<\/p>","protected":false},"author":1,"featured_media":0,"parent":0,"menu_order":0,"comment_status":"closed","ping_status":"closed","template":"","meta":{"_uag_custom_page_level_css":"","site-sidebar-layout":"default","site-content-layout":"","ast-site-content-layout":"default","site-content-style":"default","site-sidebar-style":"default","ast-global-header-display":"","ast-banner-title-visibility":"","ast-main-header-display":"","ast-hfb-above-header-display":"","ast-hfb-below-header-display":"","ast-hfb-mobile-header-display":"","site-post-title":"disabled","ast-breadcrumbs-content":"","ast-featured-img":"","footer-sml-layout":"","ast-disable-related-posts":"","theme-transparent-header-meta":"","adv-header-id-meta":"","stick-header-meta":"","header-above-stick-meta":"","header-main-stick-meta":"","header-below-stick-meta":"","astra-migrate-meta-layouts":"set","ast-page-background-enabled":"default","ast-page-background-meta":{"desktop":{"background-color":"var(--ast-global-color-4)","background-image":"","background-repeat":"repeat","background-position":"center center","background-size":"auto","background-attachment":"scroll","background-type":"","background-media":"","overlay-type":"","overlay-color":"","overlay-opacity":"","overlay-gradient":""},"tablet":{"background-color":"","background-image":"","background-repeat":"repeat","background-position":"center center","background-size":"auto","background-attachment":"scroll","background-type":"","background-media":"","overlay-type":"","overlay-color":"","overlay-opacity":"","overlay-gradient":""},"mobile":{"background-color":"","background-image":"","background-repeat":"repeat","background-position":"center center","background-size":"auto","background-attachment":"scroll","background-type":"","background-media":"","overlay-type":"","overlay-color":"","overlay-opacity":"","overlay-gradient":""}},"ast-content-background-meta":{"desktop":{"background-color":"var(--ast-global-color-5)","background-image":"","background-repeat":"repeat","background-position":"center center","background-size":"auto","background-attachment":"scroll","background-type":"","background-media":"","overlay-type":"","overlay-color":"","overlay-opacity":"","overlay-gradient":""},"tablet":{"background-color":"var(--ast-global-color-5)","background-image":"","background-repeat":"repeat","background-position":"center center","background-size":"auto","background-attachment":"scroll","background-type":"","background-media":"","overlay-type":"","overlay-color":"","overlay-opacity":"","overlay-gradient":""},"mobile":{"background-color":"var(--ast-global-color-5)","background-image":"","background-repeat":"repeat","background-position":"center center","background-size":"auto","background-attachment":"scroll","background-type":"","background-media":"","overlay-type":"","overlay-color":"","overlay-opacity":"","overlay-gradient":""}},"footnotes":""},"class_list":["post-2446","page","type-page","status-publish","hentry"],"uagb_featured_image_src":{"full":false,"thumbnail":false,"medium":false,"medium_large":false,"large":false,"1536x1536":false,"2048x2048":false,"trp-custom-language-flag":false},"uagb_author_info":{"display_name":"massage.restup@gmail.com","author_link":"https:\/\/restupmassage.com\/en\/author\/massage-restupgmail-com\/"},"uagb_comment_info":0,"uagb_excerpt":"V\u00fdhody pro v\u00e1\u0161 klub","_links":{"self":[{"href":"https:\/\/restupmassage.com\/en\/wp-json\/wp\/v2\/pages\/2446","targetHints":{"allow":["GET"]}}],"collection":[{"href":"https:\/\/restupmassage.com\/en\/wp-json\/wp\/v2\/pages"}],"about":[{"href":"https:\/\/restupmassage.com\/en\/wp-json\/wp\/v2\/types\/page"}],"author":[{"embeddable":true,"href":"https:\/\/restupmassage.com\/en\/wp-json\/wp\/v2\/users\/1"}],"replies":[{"embeddable":true,"href":"https:\/\/restupmassage.com\/en\/wp-json\/wp\/v2\/comments?post=2446"}],"version-history":[{"count":9,"href":"https:\/\/restupmassage.com\/en\/wp-json\/wp\/v2\/pages\/2446\/revisions"}],"predecessor-version":[{"id":2469,"href":"https:\/\/restupmassage.com\/en\/wp-json\/wp\/v2\/pages\/2446\/revisions\/2469"}],"wp:attachment":[{"href":"https:\/\/restupmassage.com\/en\/wp-json\/wp\/v2\/media?parent=2446"}],"curies":[{"name":"wp","href":"https:\/\/api.w.org\/{rel}","templated":true}]}}